{"id":130,"date":"2025-01-23T18:10:09","date_gmt":"2025-01-23T18:10:09","guid":{"rendered":"https:\/\/loboiberico.org\/?page_id=130"},"modified":"2025-11-26T16:12:37","modified_gmt":"2025-11-26T16:12:37","slug":"contactos","status":"publish","type":"page","link":"https:\/\/loboiberico.org\/en\/contactos\/","title":{"rendered":"Contacts"},"content":{"rendered":"<p>[et_pb_section fb_built=&#8221;1&#8243; fullwidth=&#8221;on&#8221; next_background_color=&#8221;#ffffff&#8221; _builder_version=&#8221;4.27.4&#8243; _module_preset=&#8221;default&#8221; background_enable_color=&#8221;off&#8221; background_image=&#8221;https:\/\/loboiberico.org\/wp-content\/uploads\/2025\/01\/ACHLI0039.jpg&#8221; bottom_divider_style=&#8221;mountains2&#8243; global_colors_info=&#8221;{%22gcid-a93f2103-1d8b-43bb-b21d-81d84bba8b15%22:%91%22background_color%22%93}&#8221;][et_pb_fullwidth_slider _builder_version=&#8221;4.27.4&#8243; _module_preset=&#8221;f8649ef4-b207-42c8-8af3-c36f64096b04&#8243; global_colors_info=&#8221;{}&#8221;][et_pb_slide _builder_version=&#8221;4.27.4&#8243; _module_preset=&#8221;6f54720d-52c9-457b-8ab6-186d566081da&#8221; background_enable_color=&#8221;off&#8221; background_image=&#8221;https:\/\/loboiberico.org\/wp-content\/uploads\/2025\/01\/ACHLI0029.jpg&#8221; global_colors_info=&#8221;{}&#8221; sticky_transition=&#8221;on&#8221;][\/et_pb_slide][\/et_pb_fullwidth_slider][\/et_pb_section][et_pb_section fb_built=&#8221;1&#8243; admin_label=&#8221;Header &#038; Contact&#8221; _builder_version=&#8221;4.22.0&#8243; _module_preset=&#8221;default&#8221; collapsed=&#8221;on&#8221; global_colors_info=&#8221;{}&#8221;][et_pb_row _builder_version=&#8221;4.22.0&#8243; _module_preset=&#8221;default&#8221; global_colors_info=&#8221;{}&#8221;][et_pb_column type=&#8221;4_4&#8243; _builder_version=&#8221;4.22.0&#8243; _module_preset=&#8221;default&#8221; global_colors_info=&#8221;{}&#8221;][et_pb_text _builder_version=&#8221;4.27.4&#8243; _module_preset=&#8221;c4bc249c-5af6-498a-a1b7-5b47f7d59670&#8243; text_font=&#8221;Montserrat|700|||||||&#8221; text_font_size=&#8221;2rem&#8221; text_orientation=&#8221;center&#8221; global_colors_info=&#8221;{}&#8221;]<\/p>\n<p>Contacte-nos<\/p>\n<p>[\/et_pb_text][\/et_pb_column][\/et_pb_row][et_pb_row column_structure=&#8221;1_2,1_2&#8243; make_equal=&#8221;on&#8221; _builder_version=&#8221;4.24.0&#8243; _module_preset=&#8221;default&#8221; max_width=&#8221;1800px&#8221; global_colors_info=&#8221;{}&#8221;][et_pb_column type=&#8221;1_2&#8243; _builder_version=&#8221;4.24.0&#8243; _module_preset=&#8221;default&#8221; global_colors_info=&#8221;{}&#8221;][et_pb_image src=&#8221;https:\/\/loboiberico.org\/wp-content\/uploads\/2025\/10\/jco6753-scaled.jpg&#8221; title_text=&#8221;_jco6753&#8243; _builder_version=&#8221;4.27.4&#8243; _module_preset=&#8221;default&#8221; border_radii=&#8221;on|30px|30px|30px|30px&#8221; global_colors_info=&#8221;{}&#8221;][\/et_pb_image][\/et_pb_column][et_pb_column type=&#8221;1_2&#8243; _builder_version=&#8221;4.22.0&#8243; _module_preset=&#8221;default&#8221; background_color=&#8221;gcid-a93f2103-1d8b-43bb-b21d-81d84bba8b15&#8243; custom_padding=&#8221;40px|40px|40px|40px|true|true&#8221; custom_padding_tablet=&#8221;30px|30px|30px|30px|true|true&#8221; custom_padding_phone=&#8221;20px|20px|20px|20px|true|true&#8221; custom_padding_last_edited=&#8221;on|desktop&#8221; border_radii=&#8221;on|30px|30px|30px|30px&#8221; global_colors_info=&#8221;{%22gcid-a93f2103-1d8b-43bb-b21d-81d84bba8b15%22:%91%22background_color%22%93}&#8221;][et_pb_blurb title=&#8221;Morada&#8221; use_icon=&#8221;on&#8221; font_icon=&#8221;&#xe081;||divi||400&#8243; image_icon_background_color=&#8221;gcid-07a028f4-a2d4-4ee3-91d1-c05113363b6b&#8221; _builder_version=&#8221;4.27.4&#8243; _module_preset=&#8221;f0f27c28-e74f-4c36-8e66-879ef25e6d07&#8243; hover_enabled=&#8221;0&#8243; locked=&#8221;off&#8221; global_colors_info=&#8221;{%22gcid-779a3d53-700b-4950-9fae-611323b51b16%22:%91%22body_link_text_color%22,%22body_link_text_color%22%93,%22gcid-07a028f4-a2d4-4ee3-91d1-c05113363b6b%22:%91%22image_icon_background_color%22%93}&#8221; sticky_enabled=&#8221;0&#8243;]<\/p>\n<p><span><strong>ACHLI &#8211;<\/strong> <\/span><span><strong>Associa\u00e7\u00e3o de Conserva\u00e7\u00e3o do Habitat do Lobo Ib\u00e9rico<\/strong><br \/>Rua Conselheiro Arnaldo Norton de Matos, 39<\/span><br \/><span>4990-081 Ponte de Lima<\/span><\/p>\n<p>[\/et_pb_blurb][et_pb_blurb title=&#8221;Telefone&#8221; use_icon=&#8221;on&#8221; font_icon=&#8221;&#xf879;||fa||900&#8243; image_icon_background_color=&#8221;gcid-07a028f4-a2d4-4ee3-91d1-c05113363b6b&#8221; _builder_version=&#8221;4.27.4&#8243; _module_preset=&#8221;f0f27c28-e74f-4c36-8e66-879ef25e6d07&#8243; locked=&#8221;off&#8221; global_colors_info=&#8221;{%22gcid-779a3d53-700b-4950-9fae-611323b51b16%22:%91%22body_link_text_color%22%93,%22gcid-07a028f4-a2d4-4ee3-91d1-c05113363b6b%22:%91%22image_icon_background_color%22%93}&#8221;]<\/p>\n<p>+351 258 247 642<\/p>\n<p>[\/et_pb_blurb][et_pb_blurb title=&#8221;Email&#8221; use_icon=&#8221;on&#8221; font_icon=&#8221;&#xe076;||divi||400&#8243; image_icon_background_color=&#8221;gcid-07a028f4-a2d4-4ee3-91d1-c05113363b6b&#8221; _builder_version=&#8221;4.27.4&#8243; _module_preset=&#8221;f0f27c28-e74f-4c36-8e66-879ef25e6d07&#8243; locked=&#8221;off&#8221; global_colors_info=&#8221;{%22gcid-779a3d53-700b-4950-9fae-611323b51b16%22:%91%22body_link_text_color%22,%22body_link_text_color%22,%22body_link_text_color%22%93,%22gcid-07a028f4-a2d4-4ee3-91d1-c05113363b6b%22:%91%22image_icon_background_color%22%93}&#8221;]<\/p>\n<p>geral@loboiberico.org<\/p>\n<p>[\/et_pb_blurb][\/et_pb_column][\/et_pb_row][\/et_pb_section][et_pb_section fb_built=&#8221;1&#8243; fullwidth=&#8221;on&#8221; _builder_version=&#8221;4.27.4&#8243; _module_preset=&#8221;default&#8221; background_color=&#8221;gcid-a93f2103-1d8b-43bb-b21d-81d84bba8b15&#8243; global_colors_info=&#8221;{%22gcid-a93f2103-1d8b-43bb-b21d-81d84bba8b15%22:%91%22background_color%22%93}&#8221;][et_pb_fullwidth_code _builder_version=&#8221;4.27.4&#8243; _module_preset=&#8221;default&#8221; global_colors_info=&#8221;{}&#8221;]<iframe src=\"https:\/\/www.google.com\/maps\/embed?pb=!1m18!1m12!1m3!1d3731.7796396561234!2d-8.583262623391692!3d41.76099877273705!2m3!1f0!2f0!3f0!3m2!1i1024!2i768!4f13.1!3m3!1m2!1s0xd25a5f9a3e3e0fd%3A0x23c1d1ab45897e4f!2sR.%20Conselheiro%20Arnaldo%20Norton%20de%20Matos%2039%2C%204990-081%20Pte.%20de%20Lima!5e1!3m2!1spt-PT!2spt!4v1737718386299!5m2!1spt-PT!2spt\" width=\"1920\" height=\"450\" style=\"border:0;\" allowfullscreen=\"\" loading=\"lazy\" referrerpolicy=\"no-referrer-when-downgrade\"><\/iframe>[\/et_pb_fullwidth_code][\/et_pb_section]<\/p>\n","protected":false},"excerpt":{"rendered":"<p>Contacte-nosACHLI &#8211; Associa\u00e7\u00e3o de Conserva\u00e7\u00e3o do Habitat do Lobo Ib\u00e9ricoRua Conselheiro Arnaldo Norton de Matos, 394990-081 Ponte de Lima+351 258 247 642geral@loboiberico.org<\/p>","protected":false},"author":1,"featured_media":0,"parent":0,"menu_order":0,"comment_status":"closed","ping_status":"closed","template":"","meta":{"_et_pb_use_builder":"on","_et_pb_old_content":"","_et_gb_content_width":"","footnotes":""},"class_list":["post-130","page","type-page","status-publish","hentry"],"_links":{"self":[{"href":"https:\/\/loboiberico.org\/en\/wp-json\/wp\/v2\/pages\/130","targetHints":{"allow":["GET"]}}],"collection":[{"href":"https:\/\/loboiberico.org\/en\/wp-json\/wp\/v2\/pages"}],"about":[{"href":"https:\/\/loboiberico.org\/en\/wp-json\/wp\/v2\/types\/page"}],"author":[{"embeddable":true,"href":"https:\/\/loboiberico.org\/en\/wp-json\/wp\/v2\/users\/1"}],"replies":[{"embeddable":true,"href":"https:\/\/loboiberico.org\/en\/wp-json\/wp\/v2\/comments?post=130"}],"version-history":[{"count":20,"href":"https:\/\/loboiberico.org\/en\/wp-json\/wp\/v2\/pages\/130\/revisions"}],"predecessor-version":[{"id":846,"href":"https:\/\/loboiberico.org\/en\/wp-json\/wp\/v2\/pages\/130\/revisions\/846"}],"wp:attachment":[{"href":"https:\/\/loboiberico.org\/en\/wp-json\/wp\/v2\/media?parent=130"}],"curies":[{"name":"wp","href":"https:\/\/api.w.org\/{rel}","templated":true}]}}