{"id":196,"date":"2025-01-24T11:59:40","date_gmt":"2025-01-24T11:59:40","guid":{"rendered":"https:\/\/loboiberico.org\/?page_id=196"},"modified":"2026-03-26T00:09:05","modified_gmt":"2026-03-26T00:09:05","slug":"areas-sem-atividade-venatoria","status":"publish","type":"page","link":"https:\/\/loboiberico.org\/en\/areas-sem-atividade-venatoria\/","title":{"rendered":"Restricted hunting areas"},"content":{"rendered":"<p>[et_pb_section fb_built=&#8221;1&#8243; admin_label=&#8221;Header&#8221; _builder_version=&#8221;4.22.0&#8243; _module_preset=&#8221;default&#8221; background_color=&#8221;gcid-a93f2103-1d8b-43bb-b21d-81d84bba8b15&#8243; collapsed=&#8221;off&#8221; global_colors_info=&#8221;{%22gcid-a93f2103-1d8b-43bb-b21d-81d84bba8b15%22:%91%22background_color%22%93}&#8221;][et_pb_row _builder_version=&#8221;4.24.0&#8243; _module_preset=&#8221;default&#8221; max_width=&#8221;1800px&#8221; global_colors_info=&#8221;{}&#8221;][et_pb_column type=&#8221;4_4&#8243; _builder_version=&#8221;4.22.0&#8243; _module_preset=&#8221;default&#8221; global_colors_info=&#8221;{}&#8221;][et_pb_text _builder_version=&#8221;4.27.4&#8243; _module_preset=&#8221;c0287eff-381c-41be-b554-1f9624624dc4&#8243; text_font=&#8221;Montserrat|700|||||||&#8221; text_font_size=&#8221;2rem&#8221; text_orientation=&#8221;center&#8221; global_colors_info=&#8221;{}&#8221;]<\/p>\n<p><span>\u00c1reas sem atividade cineg\u00e9tica<\/span><\/p>\n<p>[\/et_pb_text][\/et_pb_column][\/et_pb_row][et_pb_row column_structure=&#8221;1_2,1_2&#8243; _builder_version=&#8221;4.22.0&#8243; _module_preset=&#8221;default&#8221; max_width=&#8221;1800px&#8221; global_colors_info=&#8221;{}&#8221;][et_pb_column type=&#8221;1_2&#8243; _builder_version=&#8221;4.22.0&#8243; _module_preset=&#8221;default&#8221; global_colors_info=&#8221;{}&#8221;][et_pb_image src=&#8221;https:\/\/loboiberico.org\/wp-content\/uploads\/2025\/09\/2_Gestao_Cinegetica_20230405_141839-scaled.jpg&#8221; _builder_version=&#8221;4.27.4&#8243; _module_preset=&#8221;default&#8221; border_radii=&#8221;on|30px|30px|30px|30px&#8221; global_colors_info=&#8221;{}&#8221;][\/et_pb_image][\/et_pb_column][et_pb_column type=&#8221;1_2&#8243; _builder_version=&#8221;4.22.0&#8243; _module_preset=&#8221;default&#8221; global_colors_info=&#8221;{}&#8221;][et_pb_text _builder_version=&#8221;4.27.4&#8243; _module_preset=&#8221;9b6ffe67-db1e-45cf-9a2b-eb7c666a40d6&#8243; global_colors_info=&#8221;{}&#8221;]<\/p>\n<p>Criamos \u00e1reas sem atividade cineg\u00e9tica, em parceria com entidades gestoras de zonas de ca\u00e7a (ZC) de forma a reduzir a perturba\u00e7\u00e3o para o lobo ib\u00e9rico e outras esp\u00e9cies. Tendo em conta a localiza\u00e7\u00e3o e dimens\u00e3o dessas \u00e1reas, s\u00e3o implementadas, de forma complementar, medidas de fomento de esp\u00e9cies cineg\u00e9ticas.<\/p>\n<p>[\/et_pb_text][\/et_pb_column][\/et_pb_row][\/et_pb_section][et_pb_section fb_built=&#8221;1&#8243; admin_label=&#8221;Video&#8221; _builder_version=&#8221;4.22.0&#8243; _module_preset=&#8221;default&#8221; collapsed=&#8221;off&#8221; global_colors_info=&#8221;{}&#8221;][et_pb_row disabled_on=&#8221;on|on|on&#8221; _builder_version=&#8221;4.27.4&#8243; _module_preset=&#8221;default&#8221; disabled=&#8221;on&#8221; global_colors_info=&#8221;{}&#8221;][et_pb_column type=&#8221;4_4&#8243; _builder_version=&#8221;4.27.4&#8243; _module_preset=&#8221;default&#8221; global_colors_info=&#8221;{}&#8221;][et_pb_text _builder_version=&#8221;4.27.4&#8243; _module_preset=&#8221;default&#8221; text_font=&#8221;|600|||||||&#8221; text_text_color=&#8221;gcid-f1e65d51-fa2f-4bf0-b2c1-8eab7001e8fd&#8221; text_font_size=&#8221;1em&#8221; text_orientation=&#8221;center&#8221; custom_padding=&#8221;16px|32px|16px|32px|true|true&#8221; link_option_url=&#8221;https:\/\/loboiberico.org\/area-sem-atividade-venatoria-da-arada\/&#8221; border_radii=&#8221;on|50px|50px|50px|50px&#8221; border_width_all=&#8221;2px&#8221; border_color_all=&#8221;gcid-07a028f4-a2d4-4ee3-91d1-c05113363b6b&#8221; global_colors_info=&#8221;{%22gcid-07a028f4-a2d4-4ee3-91d1-c05113363b6b%22:%91%22border_color_all%22%93,%22gcid-f1e65d51-fa2f-4bf0-b2c1-8eab7001e8fd%22:%91%22text_text_color%22%93}&#8221;]<\/p>\n<p>\u00c1rea sem atividade venat\u00f3ria da Arada<\/p>\n<p>[\/et_pb_text][et_pb_text _builder_version=&#8221;4.27.4&#8243; _module_preset=&#8221;default&#8221; text_font=&#8221;|600|||||||&#8221; text_text_color=&#8221;gcid-f1e65d51-fa2f-4bf0-b2c1-8eab7001e8fd&#8221; text_font_size=&#8221;1em&#8221; text_orientation=&#8221;center&#8221; custom_padding=&#8221;16px|32px|16px|32px|true|true&#8221; link_option_url=&#8221;https:\/\/loboiberico.org\/area-sem-atividade-venatoria-do-alto-minho\/&#8221; border_radii=&#8221;on|50px|50px|50px|50px&#8221; border_width_all=&#8221;2px&#8221; border_color_all=&#8221;gcid-07a028f4-a2d4-4ee3-91d1-c05113363b6b&#8221; global_colors_info=&#8221;{%22gcid-07a028f4-a2d4-4ee3-91d1-c05113363b6b%22:%91%22border_color_all%22%93,%22gcid-f1e65d51-fa2f-4bf0-b2c1-8eab7001e8fd%22:%91%22text_text_color%22%93}&#8221;]<\/p>\n<p>\u00c1rea sem atividade venat\u00f3ria do Alto Minho<\/p>\n<p>[\/et_pb_text][et_pb_text _builder_version=&#8221;4.27.4&#8243; _module_preset=&#8221;default&#8221; text_font=&#8221;|600|||||||&#8221; text_text_color=&#8221;gcid-f1e65d51-fa2f-4bf0-b2c1-8eab7001e8fd&#8221; text_font_size=&#8221;1em&#8221; text_orientation=&#8221;center&#8221; custom_padding=&#8221;16px|32px|16px|32px|true|true&#8221; link_option_url=&#8221;https:\/\/loboiberico.org\/area-sem-atividade-venatoria-de-leomil-e-lapa\/&#8221; border_radii=&#8221;on|50px|50px|50px|50px&#8221; border_width_all=&#8221;2px&#8221; border_color_all=&#8221;gcid-07a028f4-a2d4-4ee3-91d1-c05113363b6b&#8221; global_colors_info=&#8221;{%22gcid-07a028f4-a2d4-4ee3-91d1-c05113363b6b%22:%91%22border_color_all%22%93,%22gcid-f1e65d51-fa2f-4bf0-b2c1-8eab7001e8fd%22:%91%22text_text_color%22%93}&#8221;]<\/p>\n<p>\u00c1rea sem atividade venat\u00f3ria de Leomil e Lapa<\/p>\n<p>[\/et_pb_text][\/et_pb_column][\/et_pb_row][et_pb_row column_structure=&#8221;1_3,1_3,1_3&#8243; _builder_version=&#8221;4.27.4&#8243; _module_preset=&#8221;default&#8221; global_colors_info=&#8221;{}&#8221;][et_pb_column type=&#8221;1_3&#8243; _builder_version=&#8221;4.27.4&#8243; _module_preset=&#8221;default&#8221; global_colors_info=&#8221;{}&#8221;][ds_hover_box content_title=&#8221;\u00c1rea sem atividade cineg\u00e9tica da Freita e Arada, Arouca e S\u00e3o Pedro do Sul&#8221; use_content_icon=&#8221;on&#8221; content_icon=&#8221;&#x2e;||divi||400&#8243; content_icon_color=&#8221;gcid-primary-color&#8221; content_icon_size=&#8221;3rem&#8221; content_hover_title=&#8221;\u00c1rea sem atividade cineg\u00e9tica da Freita e Arada, Arouca e S\u00e3o Pedro do Sul&#8221; content_hover_content=&#8221;<\/p>\n<p><span>In\u00edcio: 2010<\/span><\/p>\n<p><span>\u00c1rea: 2287 ha<\/span><\/p>\n<p><span>Zonas de Ca\u00e7a: ZCM da C\u00e1rcoda, ZCA da Coelheira, ZCM de Moldes e ZCA de Covas do Rio<\/span><\/p>\n<p><span>Parceiros: Clube de Ca\u00e7a e Pesca \u2013 Os Amigos da C\u00e1rcoda, Coelheira \u2013 Associa\u00e7\u00e3o de Ca\u00e7adores e agricultores, Clube de Ca\u00e7a e Pesca de Moldes e Clube de Ca\u00e7a e Pesca da Serra de S\u00e3o Mac\u00e1rio<\/span><\/p>\n<p>&#8221; hover_type=&#8221;zoom&#8221; content_hover_bg_color=&#8221;#339499&#8243; _builder_version=&#8221;4.27.4&#8243; _module_preset=&#8221;default&#8221; header_font_size=&#8221;2em&#8221; content_title_text_color=&#8221;#FFFFFF&#8221; content_title_font_size=&#8221;1.3em&#8221; content_hover_title_text_color=&#8221;#FFFFFF&#8221; content_hover_desc_text_color=&#8221;#FFFFFF&#8221; background_enable_color=&#8221;off&#8221; background_image=&#8221;https:\/\/loboiberico.org\/wp-content\/uploads\/2025\/09\/CacaSD_20220331_110011-scaled.jpg&#8221; background_blend=&#8221;overlay&#8221; border_radii=&#8221;on|20px|20px|20px|20px&#8221; border_color_all_content_hover_image=&#8221;#FFFFFF&#8221; global_colors_info=&#8221;{%22gcid-primary-color%22:%91%22content_icon_color%22%93}&#8221;][\/ds_hover_box][\/et_pb_column][et_pb_column type=&#8221;1_3&#8243; _builder_version=&#8221;4.27.4&#8243; _module_preset=&#8221;default&#8221; global_colors_info=&#8221;{}&#8221;][ds_hover_box content_title=&#8221;\u00c1rea sem atividade cineg\u00e9tica do Alto Minho, Arcos de Valdevez e Melga\u00e7o&#8221; use_content_icon=&#8221;on&#8221; content_icon=&#8221;&#x2e;||divi||400&#8243; content_icon_color=&#8221;gcid-primary-color&#8221; content_icon_size=&#8221;3rem&#8221; content_hover_title=&#8221;\u00c1rea sem atividade cineg\u00e9tica do Alto Minho, Arcos de Valdevez e Melga\u00e7o&#8221; content_hover_content=&#8221;<\/p>\n<p><span>In\u00edcio: 2012<\/span><\/p>\n<p><span>\u00c1rea: 444 ha<\/span><\/p>\n<p><span>Zonas de Ca\u00e7a: ZCM de Sistelo e ZCM de Gave<\/span><\/p>\n<p><span>Parceiros: Junta de Freguesia de Sistelo e Agostinho Alves<\/span><\/p>\n<p>&#8221; hover_type=&#8221;zoom&#8221; content_hover_bg_color=&#8221;#339499&#8243; _builder_version=&#8221;4.27.6&#8243; _module_preset=&#8221;default&#8221; header_font_size=&#8221;2em&#8221; content_title_text_color=&#8221;#FFFFFF&#8221; content_title_font_size=&#8221;1.3em&#8221; content_hover_title_text_color=&#8221;#FFFFFF&#8221; content_hover_desc_text_color=&#8221;#FFFFFF&#8221; background_enable_color=&#8221;off&#8221; background_image=&#8221;https:\/\/loboiberico.org\/wp-content\/uploads\/2025\/09\/Caca_AMinho_20181212_111844.jpg&#8221; background_blend=&#8221;overlay&#8221; hover_enabled=&#8221;0&#8243; border_radii=&#8221;on|20px|20px|20px|20px&#8221; border_color_all_content_hover_image=&#8221;#FFFFFF&#8221; global_colors_info=&#8221;{%22gcid-primary-color%22:%91%22content_icon_color%22%93}&#8221; sticky_enabled=&#8221;0&#8243;][\/ds_hover_box][\/et_pb_column][et_pb_column type=&#8221;1_3&#8243; _builder_version=&#8221;4.27.4&#8243; _module_preset=&#8221;default&#8221; global_colors_info=&#8221;{}&#8221;][ds_hover_box content_title=&#8221;\u00c1rea sem atividade cineg\u00e9tica de Leomil e Lapa, Moimenta da Beira&#8221; use_content_icon=&#8221;on&#8221; content_icon=&#8221;&#x2e;||divi||400&#8243; content_icon_color=&#8221;gcid-primary-color&#8221; content_icon_size=&#8221;3rem&#8221; content_hover_title=&#8221;\u00c1rea sem atividade cineg\u00e9tica de Leomil e Lapa, Moimenta da Beira&#8221; content_hover_content=&#8221;<\/p>\n<p><span>In\u00edcio: 2020<\/span><\/p>\n<p><span>\u00c1rea: 282 ha<\/span><\/p>\n<p><span>Zonas de Ca\u00e7a: ZCM de Terras do Demo e ZCA de Terras do Demo<\/span><\/p>\n<p><span>Parceiros: Associa\u00e7\u00e3o de Ca\u00e7a e Pesca das Terras do Demo<\/span><\/p>\n<p>&#8221; hover_type=&#8221;zoom&#8221; content_hover_bg_color=&#8221;#339499&#8243; _builder_version=&#8221;4.27.4&#8243; _module_preset=&#8221;default&#8221; header_font_size=&#8221;2em&#8221; content_title_text_color=&#8221;#FFFFFF&#8221; content_title_font_size=&#8221;1.3em&#8221; content_hover_title_text_color=&#8221;#FFFFFF&#8221; content_hover_desc_text_color=&#8221;#FFFFFF&#8221; background_enable_color=&#8221;off&#8221; background_image=&#8221;https:\/\/loboiberico.org\/wp-content\/uploads\/2025\/09\/Caca_Lapa_Leomil_20230405_112607-scaled.jpg&#8221; background_blend=&#8221;overlay&#8221; border_radii=&#8221;on|20px|20px|20px|20px&#8221; border_color_all_content_hover_image=&#8221;#FFFFFF&#8221; global_colors_info=&#8221;{%22gcid-primary-color%22:%91%22content_icon_color%22%93}&#8221;][\/ds_hover_box][\/et_pb_column][\/et_pb_row][\/et_pb_section]<\/p>\n","protected":false},"excerpt":{"rendered":"<p>\u00c1reas sem atividade cineg\u00e9ticaCriamos \u00e1reas sem atividade cineg\u00e9tica, em parceria com entidades gestoras de zonas de ca\u00e7a (ZC) de forma a reduzir a perturba\u00e7\u00e3o para o lobo ib\u00e9rico e outras esp\u00e9cies. Tendo em conta a localiza\u00e7\u00e3o e dimens\u00e3o dessas \u00e1reas, s\u00e3o implementadas, de forma complementar, medidas de fomento de esp\u00e9cies cineg\u00e9ticas.\u00c1rea sem atividade venat\u00f3ria da [&hellip;]<\/p>\n","protected":false},"author":1,"featured_media":0,"parent":0,"menu_order":0,"comment_status":"closed","ping_status":"closed","template":"","meta":{"_et_pb_use_builder":"on","_et_pb_old_content":"<!-- wp:divi\/placeholder \/-->","_et_gb_content_width":"","footnotes":""},"class_list":["post-196","page","type-page","status-publish","hentry"],"_links":{"self":[{"href":"https:\/\/loboiberico.org\/en\/wp-json\/wp\/v2\/pages\/196","targetHints":{"allow":["GET"]}}],"collection":[{"href":"https:\/\/loboiberico.org\/en\/wp-json\/wp\/v2\/pages"}],"about":[{"href":"https:\/\/loboiberico.org\/en\/wp-json\/wp\/v2\/types\/page"}],"author":[{"embeddable":true,"href":"https:\/\/loboiberico.org\/en\/wp-json\/wp\/v2\/users\/1"}],"replies":[{"embeddable":true,"href":"https:\/\/loboiberico.org\/en\/wp-json\/wp\/v2\/comments?post=196"}],"version-history":[{"count":18,"href":"https:\/\/loboiberico.org\/en\/wp-json\/wp\/v2\/pages\/196\/revisions"}],"predecessor-version":[{"id":964,"href":"https:\/\/loboiberico.org\/en\/wp-json\/wp\/v2\/pages\/196\/revisions\/964"}],"wp:attachment":[{"href":"https:\/\/loboiberico.org\/en\/wp-json\/wp\/v2\/media?parent=196"}],"curies":[{"name":"wp","href":"https:\/\/api.w.org\/{rel}","templated":true}]}}