{"id":198,"date":"2025-01-24T11:59:54","date_gmt":"2025-01-24T11:59:54","guid":{"rendered":"https:\/\/loboiberico.org\/?page_id=198"},"modified":"2025-12-04T17:09:31","modified_gmt":"2025-12-04T17:09:31","slug":"minimizacao-do-impacto-do-lobo","status":"publish","type":"page","link":"https:\/\/loboiberico.org\/en\/minimizacao-do-impacto-do-lobo\/","title":{"rendered":"Minimizing impact of the wolf on livestock"},"content":{"rendered":"<p>[et_pb_section fb_built=&#8221;1&#8243; admin_label=&#8221;Header&#8221; _builder_version=&#8221;4.22.0&#8243; _module_preset=&#8221;default&#8221; background_color=&#8221;gcid-a93f2103-1d8b-43bb-b21d-81d84bba8b15&#8243; collapsed=&#8221;on&#8221; global_colors_info=&#8221;{%22gcid-a93f2103-1d8b-43bb-b21d-81d84bba8b15%22:%91%22background_color%22%93}&#8221;][et_pb_row _builder_version=&#8221;4.24.0&#8243; _module_preset=&#8221;default&#8221; max_width=&#8221;1800px&#8221; global_colors_info=&#8221;{}&#8221;][et_pb_column type=&#8221;4_4&#8243; _builder_version=&#8221;4.22.0&#8243; _module_preset=&#8221;default&#8221; global_colors_info=&#8221;{}&#8221;][et_pb_text _builder_version=&#8221;4.27.4&#8243; _module_preset=&#8221;c0287eff-381c-41be-b554-1f9624624dc4&#8243; text_font=&#8221;Montserrat|700|||||||&#8221; text_font_size=&#8221;2rem&#8221; text_orientation=&#8221;center&#8221; global_colors_info=&#8221;{}&#8221;]<\/p>\n<p><span>Minimiza\u00e7\u00e3o do impacto do lobo<\/span><\/p>\n<p>[\/et_pb_text][\/et_pb_column][\/et_pb_row][et_pb_row column_structure=&#8221;1_2,1_2&#8243; _builder_version=&#8221;4.22.0&#8243; _module_preset=&#8221;default&#8221; max_width=&#8221;1800px&#8221; global_colors_info=&#8221;{}&#8221;][et_pb_column type=&#8221;1_2&#8243; _builder_version=&#8221;4.22.0&#8243; _module_preset=&#8221;default&#8221; global_colors_info=&#8221;{}&#8221;][et_pb_image src=&#8221;https:\/\/loboiberico.org\/wp-content\/uploads\/2025\/11\/3_Caes_gado1920x1080.jpg&#8221; _builder_version=&#8221;4.27.4&#8243; _module_preset=&#8221;default&#8221; hover_enabled=&#8221;0&#8243; border_radii=&#8221;on|30px|30px|30px|30px&#8221; global_colors_info=&#8221;{}&#8221; title_text=&#8221;3_Caes_gado1920x1080&#8243; sticky_enabled=&#8221;0&#8243;][\/et_pb_image][\/et_pb_column][et_pb_column type=&#8221;1_2&#8243; _builder_version=&#8221;4.22.0&#8243; _module_preset=&#8221;default&#8221; global_colors_info=&#8221;{}&#8221;][et_pb_text _builder_version=&#8221;4.27.4&#8243; _module_preset=&#8221;9b6ffe67-db1e-45cf-9a2b-eb7c666a40d6&#8243; text_orientation=&#8221;justified&#8221; global_colors_info=&#8221;{}&#8221;]<\/p>\n<p><span>Com o projeto C\u00e3es de Gado, executado em parceria pela associa\u00e7\u00e3o <a href=\"https:\/\/grupolobo.pt\/programa-signatus\/programa-cao-de-gado-intro\"><span style=\"color: #008080;\">Grupo<\/span> <span style=\"color: #008080;\">Lobo<\/span><\/a>, procuramos mitigar o conflito decorrente da preda\u00e7\u00e3o do lobo ib\u00e9rico em efetivos pecu\u00e1rios, atrav\u00e9s da redu\u00e7\u00e3o dos preju\u00edzos e o aumento da toler\u00e2ncia das comunidades rurais a este predador, promovendo a sua coexist\u00eancia. O projeto inclui a entrega de c\u00e3es de gado, apoio veterin\u00e1rio e o apoio \u00e0 sua integra\u00e7\u00e3o e manuten\u00e7\u00e3o em rebanhos e manadas em territ\u00f3rio do lobo ib\u00e9rico.<\/span><\/p>\n<p>[\/et_pb_text][\/et_pb_column][\/et_pb_row][\/et_pb_section][et_pb_section fb_built=&#8221;1&#8243; admin_label=&#8221;Video&#8221; _builder_version=&#8221;4.22.0&#8243; _module_preset=&#8221;default&#8221; collapsed=&#8221;on&#8221; global_colors_info=&#8221;{}&#8221;][et_pb_row _builder_version=&#8221;4.27.4&#8243; _module_preset=&#8221;default&#8221; global_colors_info=&#8221;{}&#8221;][et_pb_column type=&#8221;4_4&#8243; _builder_version=&#8221;4.27.4&#8243; _module_preset=&#8221;default&#8221; global_colors_info=&#8221;{}&#8221;][ds_hover_box content_title=&#8221;C\u00e3es de Gado&#8221; use_content_icon=&#8221;on&#8221; content_icon=&#8221;&#x2e;||divi||400&#8243; content_icon_color=&#8221;gcid-primary-color&#8221; content_icon_size=&#8221;3rem&#8221; content_hover_title=&#8221;C\u00e3es de Gado&#8221; content_hover_content=&#8221;<\/p>\n<p><span>In\u00edcio: 2014<\/span><\/p>\n<p><span>\u00c1rea de interven\u00e7\u00e3o: Alto Minho e Sul do Douro<\/span><\/p>\n<p><span>Principais resultados: Entrega de 125 c\u00e3es<\/span><\/p>\n<p><span>Parceiros: Grupo Lobo e criadores de gado<\/span><\/p>\n<p>&#8221; hover_type=&#8221;zoom&#8221; content_hover_bg_color=&#8221;#339499&#8243; _builder_version=&#8221;4.27.4&#8243; _module_preset=&#8221;default&#8221; header_font_size=&#8221;2em&#8221; content_title_text_color=&#8221;#FFFFFF&#8221; content_title_font_size=&#8221;1.3em&#8221; content_hover_title_text_color=&#8221;#FFFFFF&#8221; content_hover_desc_text_color=&#8221;#FFFFFF&#8221; background_color=&#8221;rgba(0,0,0,0.4)&#8221; background_image=&#8221;https:\/\/loboiberico.org\/wp-content\/uploads\/2025\/11\/cao_gado_img_4146-scaled.jpg&#8221; background_blend=&#8221;overlay&#8221; hover_enabled=&#8221;0&#8243; border_radii=&#8221;on|20px|20px|20px|20px&#8221; border_color_all_content_hover_image=&#8221;#FFFFFF&#8221; global_colors_info=&#8221;{%22gcid-primary-color%22:%91%22content_icon_color%22%93}&#8221; title_text=&#8221;cao_gado_img_4146&#8243; sticky_enabled=&#8221;0&#8243;][\/ds_hover_box][\/et_pb_column][\/et_pb_row][\/et_pb_section]<\/p>\n","protected":false},"excerpt":{"rendered":"<p>Minimiza\u00e7\u00e3o do impacto do loboCom o projeto C\u00e3es de Gado, executado em parceria pela associa\u00e7\u00e3o Grupo Lobo, procuramos mitigar o conflito decorrente da preda\u00e7\u00e3o do lobo ib\u00e9rico em efetivos pecu\u00e1rios, atrav\u00e9s da redu\u00e7\u00e3o dos preju\u00edzos e o aumento da toler\u00e2ncia das comunidades rurais a este predador, promovendo a sua coexist\u00eancia. O projeto inclui a entrega [&hellip;]<\/p>\n","protected":false},"author":1,"featured_media":0,"parent":0,"menu_order":0,"comment_status":"closed","ping_status":"closed","template":"","meta":{"_et_pb_use_builder":"on","_et_pb_old_content":"<!-- wp:divi\/placeholder \/-->","_et_gb_content_width":"","footnotes":""},"class_list":["post-198","page","type-page","status-publish","hentry"],"_links":{"self":[{"href":"https:\/\/loboiberico.org\/en\/wp-json\/wp\/v2\/pages\/198","targetHints":{"allow":["GET"]}}],"collection":[{"href":"https:\/\/loboiberico.org\/en\/wp-json\/wp\/v2\/pages"}],"about":[{"href":"https:\/\/loboiberico.org\/en\/wp-json\/wp\/v2\/types\/page"}],"author":[{"embeddable":true,"href":"https:\/\/loboiberico.org\/en\/wp-json\/wp\/v2\/users\/1"}],"replies":[{"embeddable":true,"href":"https:\/\/loboiberico.org\/en\/wp-json\/wp\/v2\/comments?post=198"}],"version-history":[{"count":14,"href":"https:\/\/loboiberico.org\/en\/wp-json\/wp\/v2\/pages\/198\/revisions"}],"predecessor-version":[{"id":899,"href":"https:\/\/loboiberico.org\/en\/wp-json\/wp\/v2\/pages\/198\/revisions\/899"}],"wp:attachment":[{"href":"https:\/\/loboiberico.org\/en\/wp-json\/wp\/v2\/media?parent=198"}],"curies":[{"name":"wp","href":"https:\/\/api.w.org\/{rel}","templated":true}]}}