{"id":204,"date":"2025-01-24T12:00:27","date_gmt":"2025-01-24T12:00:27","guid":{"rendered":"https:\/\/loboiberico.org\/?page_id=204"},"modified":"2025-12-12T10:52:28","modified_gmt":"2025-12-12T10:52:28","slug":"monitorizacao-do-lobo","status":"publish","type":"page","link":"https:\/\/loboiberico.org\/en\/monitorizacao-do-lobo\/","title":{"rendered":"Wolf Monitoring"},"content":{"rendered":"<p>[et_pb_section fb_built=&#8221;1&#8243; admin_label=&#8221;Header&#8221; _builder_version=&#8221;4.27.4&#8243; _module_preset=&#8221;default&#8221; background_color=&#8221;gcid-a93f2103-1d8b-43bb-b21d-81d84bba8b15&#8243; collapsed=&#8221;off&#8221; global_colors_info=&#8221;{%22gcid-a93f2103-1d8b-43bb-b21d-81d84bba8b15%22:%91%22background_color%22%93}&#8221;][et_pb_row _builder_version=&#8221;4.27.4&#8243; _module_preset=&#8221;default&#8221; max_width=&#8221;1800px&#8221; custom_margin=&#8221;60px||||false|false&#8221; global_colors_info=&#8221;{}&#8221;][et_pb_column type=&#8221;4_4&#8243; _builder_version=&#8221;4.22.0&#8243; _module_preset=&#8221;default&#8221; global_colors_info=&#8221;{}&#8221;][et_pb_text _builder_version=&#8221;4.27.4&#8243; _module_preset=&#8221;c0287eff-381c-41be-b554-1f9624624dc4&#8243; text_font=&#8221;Montserrat|700|||||||&#8221; text_font_size=&#8221;2rem&#8221; text_orientation=&#8221;center&#8221; global_colors_info=&#8221;{}&#8221;]<\/p>\n<p><span>Monitoriza\u00e7\u00e3o do Lobo<\/span><\/p>\n<p>[\/et_pb_text][\/et_pb_column][\/et_pb_row][et_pb_row column_structure=&#8221;1_2,1_2&#8243; _builder_version=&#8221;4.22.0&#8243; _module_preset=&#8221;default&#8221; max_width=&#8221;1800px&#8221; global_colors_info=&#8221;{}&#8221;][et_pb_column type=&#8221;1_2&#8243; _builder_version=&#8221;4.22.0&#8243; _module_preset=&#8221;default&#8221; global_colors_info=&#8221;{}&#8221;][et_pb_image src=&#8221;https:\/\/loboiberico.org\/wp-content\/uploads\/2025\/09\/JCO0743-scaled.jpg&#8221; _builder_version=&#8221;4.27.5&#8243; _module_preset=&#8221;default&#8221; border_radii=&#8221;on|30px|30px|30px|30px&#8221; global_colors_info=&#8221;{}&#8221;][\/et_pb_image][\/et_pb_column][et_pb_column type=&#8221;1_2&#8243; _builder_version=&#8221;4.22.0&#8243; _module_preset=&#8221;default&#8221; global_colors_info=&#8221;{}&#8221;][et_pb_text _builder_version=&#8221;4.27.5&#8243; _module_preset=&#8221;9b6ffe67-db1e-45cf-9a2b-eb7c666a40d6&#8243; hover_enabled=&#8221;0&#8243; global_colors_info=&#8221;{}&#8221; text_orientation=&#8221;justified&#8221; sticky_enabled=&#8221;0&#8243;]<\/p>\n<p>Coordenamos planos de monitoriza\u00e7\u00e3o do lobo ib\u00e9rico no \u00e2mbito dos procedimentos de Avalia\u00e7\u00e3o de Impacte Ambiental (AIA) ou de Avalia\u00e7\u00e3o de Incid\u00eancias Ambientais (AIncA), centrados na din\u00e2mica das alcateias. Os nossos planos de monitoriza\u00e7\u00e3o visam avaliar os impactes da instala\u00e7\u00e3o dos centros electroprodutores de fontes de energia renov\u00e1veis. De forma completar, estes planos constituem a base de conhecimento para uma eficaz e adequada aplica\u00e7\u00e3o de medidas de conserva\u00e7\u00e3o do lobo ib\u00e9rico.<\/p>\n<p>[\/et_pb_text][\/et_pb_column][\/et_pb_row][\/et_pb_section][et_pb_section fb_built=&#8221;1&#8243; admin_label=&#8221;Video&#8221; _builder_version=&#8221;4.22.0&#8243; _module_preset=&#8221;default&#8221; collapsed=&#8221;on&#8221; global_colors_info=&#8221;{}&#8221;][et_pb_row column_structure=&#8221;1_2,1_2&#8243; _builder_version=&#8221;4.27.4&#8243; _module_preset=&#8221;default&#8221; global_colors_info=&#8221;{}&#8221;][et_pb_column type=&#8221;1_2&#8243; _builder_version=&#8221;4.27.4&#8243; _module_preset=&#8221;default&#8221; global_colors_info=&#8221;{}&#8221;][ds_hover_box content_title=&#8221;Plano de Monitoriza\u00e7\u00e3o do Lobo no Noroeste de Portugal&#8221; use_content_icon=&#8221;on&#8221; content_icon=&#8221;&#x2e;||divi||400&#8243; content_icon_color=&#8221;gcid-primary-color&#8221; content_icon_size=&#8221;3rem&#8221; content_hover_title=&#8221;Plano de Monitoriza\u00e7\u00e3o do Lobo no Noroeste de Portugal&#8221; content_hover_content=&#8221;<\/p>\n<p><span>In\u00edcio: 2011<\/span><\/p>\n<p><span>\u00c1rea: Alto Minho<\/span><\/p>\n<p><span>Principais resultados: monitoriza\u00e7\u00e3o de 7 alcateias numa \u00e1rea de 900 km2<\/span><\/p>\n<p><span>Parceiros: Associa\u00e7\u00e3o Biopolis<\/span><\/p>\n<p>&#8221; hover_type=&#8221;zoom&#8221; content_hover_bg_color=&#8221;#339499&#8243; _builder_version=&#8221;4.27.4&#8243; _module_preset=&#8221;default&#8221; header_font_size=&#8221;2em&#8221; content_title_text_color=&#8221;#FFFFFF&#8221; content_title_font_size=&#8221;1.3em&#8221; content_hover_title_text_color=&#8221;#FFFFFF&#8221; content_hover_desc_text_color=&#8221;#FFFFFF&#8221; background_color=&#8221;rgba(0,0,0,0.4)&#8221; background_image=&#8221;https:\/\/loboiberico.org\/wp-content\/uploads\/2025\/11\/monitorizacao_norte.jpg&#8221; background_blend=&#8221;overlay&#8221; border_radii=&#8221;on|20px|20px|20px|20px&#8221; border_color_all_content_hover_image=&#8221;#FFFFFF&#8221; global_colors_info=&#8221;{%22gcid-primary-color%22:%91%22content_icon_color%22%93}&#8221;][\/ds_hover_box][\/et_pb_column][et_pb_column type=&#8221;1_2&#8243; _builder_version=&#8221;4.27.4&#8243; _module_preset=&#8221;default&#8221; global_colors_info=&#8221;{}&#8221;][ds_hover_box content_title=&#8221;Plano de Monitoriza\u00e7\u00e3o do Lobo no Sul do rio Douro&#8221; use_content_icon=&#8221;on&#8221; content_icon=&#8221;&#x2e;||divi||400&#8243; content_icon_color=&#8221;gcid-primary-color&#8221; content_icon_size=&#8221;3rem&#8221; content_hover_title=&#8221;Plano de Monitoriza\u00e7\u00e3o do Lobo no Sul do rio Douro&#8221; content_hover_content=&#8221;<\/p>\n<p><span>In\u00edcio: 2006<\/span><\/p>\n<p><span>\u00c1rea: Sul do Douro<\/span><\/p>\n<p><span>Principais resultados: monitoriza\u00e7\u00e3o de 4 alcateias numa \u00e1rea de 1350 km2<\/span><\/p>\n<p><span>Parceiros: Associa\u00e7\u00e3o Biopolis e Universidade de Aveiro<\/span><\/p>\n<p>&#8221; hover_type=&#8221;zoom&#8221; content_hover_bg_color=&#8221;#339499&#8243; _builder_version=&#8221;4.27.4&#8243; _module_preset=&#8221;default&#8221; header_font_size=&#8221;2em&#8221; content_title_text_color=&#8221;#FFFFFF&#8221; content_title_font_size=&#8221;1.3em&#8221; content_hover_title_text_color=&#8221;#FFFFFF&#8221; content_hover_desc_text_color=&#8221;#FFFFFF&#8221; background_color=&#8221;rgba(0,0,0,0.4)&#8221; background_image=&#8221;https:\/\/loboiberico.org\/wp-content\/uploads\/2025\/11\/monitorizacao_sul.png&#8221; background_blend=&#8221;overlay&#8221; border_radii=&#8221;on|20px|20px|20px|20px&#8221; border_color_all_content_hover_image=&#8221;#FFFFFF&#8221; global_colors_info=&#8221;{%22gcid-primary-color%22:%91%22content_icon_color%22%93}&#8221;][\/ds_hover_box][\/et_pb_column][\/et_pb_row][\/et_pb_section]<\/p>\n","protected":false},"excerpt":{"rendered":"<p>Monitoriza\u00e7\u00e3o do LoboCoordenamos planos de monitoriza\u00e7\u00e3o do lobo ib\u00e9rico no \u00e2mbito dos procedimentos de Avalia\u00e7\u00e3o de Impacte Ambiental (AIA) ou de Avalia\u00e7\u00e3o de Incid\u00eancias Ambientais (AIncA), centrados na din\u00e2mica das alcateias. Os nossos planos de monitoriza\u00e7\u00e3o visam avaliar os impactes da instala\u00e7\u00e3o dos centros electroprodutores de fontes de energia renov\u00e1veis. De forma completar, estes planos [&hellip;]<\/p>\n","protected":false},"author":1,"featured_media":0,"parent":0,"menu_order":0,"comment_status":"closed","ping_status":"closed","template":"","meta":{"_et_pb_use_builder":"on","_et_pb_old_content":"<!-- wp:divi\/placeholder \/-->","_et_gb_content_width":"","footnotes":""},"class_list":["post-204","page","type-page","status-publish","hentry"],"_links":{"self":[{"href":"https:\/\/loboiberico.org\/en\/wp-json\/wp\/v2\/pages\/204","targetHints":{"allow":["GET"]}}],"collection":[{"href":"https:\/\/loboiberico.org\/en\/wp-json\/wp\/v2\/pages"}],"about":[{"href":"https:\/\/loboiberico.org\/en\/wp-json\/wp\/v2\/types\/page"}],"author":[{"embeddable":true,"href":"https:\/\/loboiberico.org\/en\/wp-json\/wp\/v2\/users\/1"}],"replies":[{"embeddable":true,"href":"https:\/\/loboiberico.org\/en\/wp-json\/wp\/v2\/comments?post=204"}],"version-history":[{"count":15,"href":"https:\/\/loboiberico.org\/en\/wp-json\/wp\/v2\/pages\/204\/revisions"}],"predecessor-version":[{"id":927,"href":"https:\/\/loboiberico.org\/en\/wp-json\/wp\/v2\/pages\/204\/revisions\/927"}],"wp:attachment":[{"href":"https:\/\/loboiberico.org\/en\/wp-json\/wp\/v2\/media?parent=204"}],"curies":[{"name":"wp","href":"https:\/\/api.w.org\/{rel}","templated":true}]}}