{"id":426,"date":"2025-01-27T09:09:00","date_gmt":"2025-01-27T09:09:00","guid":{"rendered":"https:\/\/loboiberico.org\/?page_id=426"},"modified":"2025-01-27T09:09:00","modified_gmt":"2025-01-27T09:09:00","slug":"politica-de-cookies","status":"publish","type":"page","link":"https:\/\/loboiberico.org\/en\/politica-de-cookies\/","title":{"rendered":"Cookie Policy"},"content":{"rendered":"<p>[et_pb_section fb_built=&#8221;1&#8243; admin_label=&#8221;Header&#8221; _builder_version=&#8221;4.22.0&#8243; _module_preset=&#8221;default&#8221; background_color=&#8221;gcid-a93f2103-1d8b-43bb-b21d-81d84bba8b15&#8243; collapsed=&#8221;on&#8221; global_colors_info=&#8221;{%22gcid-a93f2103-1d8b-43bb-b21d-81d84bba8b15%22:%91%22background_color%22%93}&#8221; theme_builder_area=&#8221;post_content&#8221;][et_pb_row _builder_version=&#8221;4.24.0&#8243; _module_preset=&#8221;default&#8221; max_width=&#8221;1800px&#8221; global_colors_info=&#8221;{}&#8221; theme_builder_area=&#8221;post_content&#8221;][et_pb_column type=&#8221;4_4&#8243; _builder_version=&#8221;4.22.0&#8243; _module_preset=&#8221;default&#8221; global_colors_info=&#8221;{}&#8221; theme_builder_area=&#8221;post_content&#8221;][et_pb_text _builder_version=&#8221;4.27.4&#8243; _module_preset=&#8221;c0287eff-381c-41be-b554-1f9624624dc4&#8243; text_font=&#8221;|700|||||||&#8221; text_font_size=&#8221;2rem&#8221; text_line_height=&#8221;1.2em&#8221; text_orientation=&#8221;center&#8221; hover_enabled=&#8221;0&#8243; global_colors_info=&#8221;{}&#8221; theme_builder_area=&#8221;post_content&#8221; sticky_enabled=&#8221;0&#8243;]<\/p>\n<p><span>Pol\u00edtica de Cookies<\/span><\/p>\n<p>[\/et_pb_text][\/et_pb_column][\/et_pb_row][et_pb_row _builder_version=&#8221;4.27.4&#8243; _module_preset=&#8221;default&#8221; global_colors_info=&#8221;{}&#8221; theme_builder_area=&#8221;post_content&#8221;][et_pb_column type=&#8221;4_4&#8243; _builder_version=&#8221;4.27.4&#8243; _module_preset=&#8221;default&#8221; global_colors_info=&#8221;{}&#8221; theme_builder_area=&#8221;post_content&#8221;][et_pb_text _builder_version=&#8221;4.27.4&#8243; _module_preset=&#8221;9b6ffe67-db1e-45cf-9a2b-eb7c666a40d6&#8243; text_font_size=&#8221;1rem&#8221; header_text_align=&#8221;justify&#8221; header_font_size=&#8221;1rem&#8221; hover_enabled=&#8221;0&#8243; global_colors_info=&#8221;{}&#8221; theme_builder_area=&#8221;post_content&#8221; sticky_enabled=&#8221;0&#8243;]<\/p>\n<p><strong>Propriet\u00e1rio e Respons\u00e1vel pelo Tratamento<\/strong><\/p>\n<p><span>Rua Conselheiro Arnaldo Norton de Matos, 39<\/span><br \/><span>4990-081 Ponte de Lima<\/span><\/p>\n<p><strong>E-mail de contacto do Propriet\u00e1rio:<\/strong> <span>geral@loboiberico.org<\/span><\/p>\n<p>Como a utiliza\u00e7\u00e3o de Rastreadores de terceiros atrav\u00e9s deste servi\u00e7o (este Website) n\u00e3o pode ser totalmente controlada pelo Propriet\u00e1rio, quaisquer refer\u00eancias espec\u00edficas a Rastreadores de terceiros ser\u00e3o consideradas indicativas. De modo a obter informa\u00e7\u00f5es completas, solicita-se ao Utilizador que consulte as pol\u00edticas de privacidade dos respetivos servi\u00e7os de terceiros indicados no presente documento.<\/p>\n<p>Dada a complexidade objetiva envolvida nas tecnologias de rastreamento, sugerimos que o Utilizador contacte o Propriet\u00e1rio caso pretenda receber qualquer informa\u00e7\u00e3o adicional relativamente \u00e0 utiliza\u00e7\u00e3o de tais tecnologias por este Website.<\/p>\n<p><strong>Defini\u00e7\u00f5es e refer\u00eancias jur\u00eddicas<\/strong><\/p>\n<p><strong>Dados Pessoais (ou Dados)<\/strong><\/p>\n<p>Qualquer informa\u00e7\u00e3o que, direta ou indiretamente, ou relacionada com outras informa\u00e7\u00f5es \u2014 incluindo qualquer n\u00famero de identifica\u00e7\u00e3o pessoal \u2014 permita a identifica\u00e7\u00e3o ou identificabilidade de uma pessoa singular.<\/p>\n<p><strong>Dados de utiliza\u00e7\u00e3o<\/strong><\/p>\n<p>Informa\u00e7\u00f5es recolhidas automaticamente atrav\u00e9s deste servi\u00e7o (este Website) (ou servi\u00e7os de terceiros utilizados neste servi\u00e7o (este Website), que podem incluir: os endere\u00e7os IP ou nomes de dom\u00ednio dos computadores utilizados pelos Utilizadores que usam este Website, os endere\u00e7os URI (Uniform Resource Identifier), a data e hora do pedido, o m\u00e9todo utilizado para submeter o pedido no servidor, o tamanho do ficheiro recebido em resposta, o c\u00f3digo num\u00e9rico que indica o estado da resposta do servidor (bem sucedido, erro, etc.), o pa\u00eds de origem, as caracter\u00edsticas do navegador e do sistema operativo utilizado pelo Utilizador, as diversas informa\u00e7\u00f5es de tempo por visita (por exemplo, o tempo despendido em cada p\u00e1gina na Aplica\u00e7\u00e3o) e as informa\u00e7\u00f5es sobre o caminho seguido na Aplica\u00e7\u00e3o, nomeadamente a sequ\u00eancia de p\u00e1ginas visitadas e outros par\u00e2metros sobre o sistema operativo do dispositivo e\/ou ambiente inform\u00e1tico do Utilizador.<\/p>\n<p><strong>Utilizador<\/strong><\/p>\n<p>A pessoa que utiliza este Website que, salvo indica\u00e7\u00e3o em contr\u00e1rio, coincide com o Titular dos Dados.<\/p>\n<p><strong>Titular dos Dados<\/strong><\/p>\n<p>A pessoa singular a quem os Dados Pessoais se referem.<\/p>\n<p><strong>Subcontratante (ou Supervisor dos Dados)<\/strong><\/p>\n<p>A pessoa singular ou coletiva, autoridade, ag\u00eancia ou outro organismo p\u00fablico que proceda ao tratamento de Dados Pessoais em nome do Respons\u00e1vel pelo Tratamento, tal como descrito na presente pol\u00edtica de privacidade.<\/p>\n<p><strong>Respons\u00e1vel pelo Tratamento (ou Propriet\u00e1rio)<\/strong><\/p>\n<p>A pessoa singular ou coletiva, autoridade, ag\u00eancia ou outro organismo p\u00fablico que, por si s\u00f3 ou em conjunto com outros, determina as finalidades e os meios de tratamento de Dados Pessoais, incluindo as medidas de seguran\u00e7a relativas ao funcionamento e utiliza\u00e7\u00e3o deste servi\u00e7o (este Website). Salvo disposi\u00e7\u00e3o em contr\u00e1rio, o Respons\u00e1vel pelo Tratamento \u00e9 o Propriet\u00e1rio deste servi\u00e7o (este Website).<\/p>\n<p><strong>Este Website (ou esta Aplica\u00e7\u00e3o)<\/strong><\/p>\n<p>Os meios atrav\u00e9s dos quais os Dados Pessoais do Utilizador s\u00e3o recolhidos e tratados.<\/p>\n<p><strong>Servi\u00e7o<\/strong><\/p>\n<p>O servi\u00e7o prestado atrav\u00e9s deste servi\u00e7o (este Website) tal como descrito nos respetivos termos (caso aplic\u00e1vel) e neste website\/aplica\u00e7\u00e3o.<\/p>\n<p><strong>Uni\u00e3o Europeia (ou UE)<\/strong><\/p>\n<p>No presente documento, salvo indica\u00e7\u00e3o em contr\u00e1rio, todas as refer\u00eancias \u00e0 Uni\u00e3o Europeia incluem todos os Estados-Membros atuais da Uni\u00e3o Europeia e do Espa\u00e7o Econ\u00f3mico Europeu.<\/p>\n<p><strong>Cookies<\/strong><\/p>\n<p>Os Cookies s\u00e3o Rastreadores [Trackers] que consistem em pequenos conjuntos de dados conservados no navegador do Utilizador.<\/p>\n<p><strong>Rastreador<\/strong><\/p>\n<p>Rastreador refere-se a qualquer tecnologia \u2013 por exemplo, Cookies, identificadores \u00fanicos, web beacons, scripts embutidos, e-tags e impress\u00f5es digitais \u2013 que permita o rastreamento de Utilizadores, por exemplo, acedendo ou conservando informa\u00e7\u00f5es no dispositivo do Utilizador.<\/p>\n<p><strong>Informa\u00e7\u00e3o jur\u00eddica<\/strong><\/p>\n<p>A presente declara\u00e7\u00e3o de privacidade foi preparada com base em disposi\u00e7\u00f5es de m\u00faltiplas legisla\u00e7\u00f5es, incluindo os Artigos 13.\u00ba e 14.\u00ba do Regulamento (UE) n.\u00ba 2016\/679 (Regulamento Geral sobre a Prote\u00e7\u00e3o de Dados).<\/p>\n<p>A presente pol\u00edtica de privacidade est\u00e1 relacionada apenas com este Website, salvo indica\u00e7\u00e3o em contr\u00e1rio no presente documento.<\/p>\n<p>\u00daltima atualiza\u00e7\u00e3o: 01 de agosto de 2023<\/p>\n<p>[\/et_pb_text][\/et_pb_column][\/et_pb_row][\/et_pb_section]<\/p>\n","protected":false},"excerpt":{"rendered":"<p>Pol\u00edtica de CookiesPropriet\u00e1rio e Respons\u00e1vel pelo Tratamento Rua Conselheiro Arnaldo Norton de Matos, 394990-081 Ponte de Lima E-mail de contacto do Propriet\u00e1rio: geral@loboiberico.org Como a utiliza\u00e7\u00e3o de Rastreadores de terceiros atrav\u00e9s deste servi\u00e7o (este Website) n\u00e3o pode ser totalmente controlada pelo Propriet\u00e1rio, quaisquer refer\u00eancias espec\u00edficas a Rastreadores de terceiros ser\u00e3o consideradas indicativas. De modo a [&hellip;]<\/p>\n","protected":false},"author":1,"featured_media":0,"parent":0,"menu_order":0,"comment_status":"closed","ping_status":"closed","template":"","meta":{"_et_pb_use_builder":"on","_et_pb_old_content":"","_et_gb_content_width":"","footnotes":""},"class_list":["post-426","page","type-page","status-publish","hentry"],"_links":{"self":[{"href":"https:\/\/loboiberico.org\/en\/wp-json\/wp\/v2\/pages\/426","targetHints":{"allow":["GET"]}}],"collection":[{"href":"https:\/\/loboiberico.org\/en\/wp-json\/wp\/v2\/pages"}],"about":[{"href":"https:\/\/loboiberico.org\/en\/wp-json\/wp\/v2\/types\/page"}],"author":[{"embeddable":true,"href":"https:\/\/loboiberico.org\/en\/wp-json\/wp\/v2\/users\/1"}],"replies":[{"embeddable":true,"href":"https:\/\/loboiberico.org\/en\/wp-json\/wp\/v2\/comments?post=426"}],"version-history":[{"count":2,"href":"https:\/\/loboiberico.org\/en\/wp-json\/wp\/v2\/pages\/426\/revisions"}],"predecessor-version":[{"id":428,"href":"https:\/\/loboiberico.org\/en\/wp-json\/wp\/v2\/pages\/426\/revisions\/428"}],"wp:attachment":[{"href":"https:\/\/loboiberico.org\/en\/wp-json\/wp\/v2\/media?parent=426"}],"curies":[{"name":"wp","href":"https:\/\/api.w.org\/{rel}","templated":true}]}}