{"id":482,"date":"2025-03-19T18:27:44","date_gmt":"2025-03-19T18:27:44","guid":{"rendered":"https:\/\/loboiberico.org\/?page_id=482"},"modified":"2026-03-26T23:06:40","modified_gmt":"2026-03-26T23:06:40","slug":"sobre","status":"publish","type":"page","link":"https:\/\/loboiberico.org\/en\/sobre\/","title":{"rendered":"Sobre"},"content":{"rendered":"<p>[et_pb_section fb_built=&#8221;1&#8243; fullwidth=&#8221;on&#8221; _builder_version=&#8221;4.27.4&#8243; _module_preset=&#8221;default&#8221; background_enable_color=&#8221;off&#8221; background_image=&#8221;https:\/\/loboiberico.org\/wp-content\/uploads\/2025\/12\/menuinicio_achli.jpg&#8221; bottom_divider_style=&#8221;mountains2&#8243; bottom_divider_color=&#8221;#f2f0eb&#8221; global_colors_info=&#8221;{%22gcid-a93f2103-1d8b-43bb-b21d-81d84bba8b15%22:%91%22background_color%22%93}&#8221;][et_pb_fullwidth_slider _builder_version=&#8221;4.27.4&#8243; _module_preset=&#8221;default&#8221; global_colors_info=&#8221;{}&#8221;][et_pb_slide _builder_version=&#8221;4.27.4&#8243; _module_preset=&#8221;6f54720d-52c9-457b-8ab6-186d566081da&#8221; background_image=&#8221;https:\/\/loboiberico.org\/wp-content\/uploads\/2025\/08\/JCO0760.jpg&#8221; global_colors_info=&#8221;{}&#8221; sticky_transition=&#8221;on&#8221;][\/et_pb_slide][\/et_pb_fullwidth_slider][\/et_pb_section][et_pb_section fb_built=&#8221;1&#8243; admin_label=&#8221;Header&#8221; _builder_version=&#8221;4.22.0&#8243; _module_preset=&#8221;default&#8221; background_color=&#8221;gcid-a93f2103-1d8b-43bb-b21d-81d84bba8b15&#8243; collapsed=&#8221;on&#8221; global_colors_info=&#8221;{%22gcid-a93f2103-1d8b-43bb-b21d-81d84bba8b15%22:%91%22background_color%22%93}&#8221;][et_pb_row _builder_version=&#8221;4.24.0&#8243; _module_preset=&#8221;default&#8221; max_width=&#8221;1800px&#8221; global_colors_info=&#8221;{}&#8221;][et_pb_column type=&#8221;4_4&#8243; _builder_version=&#8221;4.22.0&#8243; _module_preset=&#8221;default&#8221; global_colors_info=&#8221;{}&#8221;][et_pb_text _builder_version=&#8221;4.27.4&#8243; _module_preset=&#8221;c0287eff-381c-41be-b554-1f9624624dc4&#8243; text_font=&#8221;Montserrat|700|||||||&#8221; text_font_size=&#8221;2rem&#8221; text_line_height=&#8221;1.2em&#8221; text_orientation=&#8221;center&#8221; global_colors_info=&#8221;{}&#8221;]<\/p>\n<p><span>Associa\u00e7\u00e3o de Conserva\u00e7\u00e3o do Habitat do Lobo Ib\u00e9rico<\/span><\/p>\n<p>[\/et_pb_text][\/et_pb_column][\/et_pb_row][et_pb_row column_structure=&#8221;1_2,1_2&#8243; _builder_version=&#8221;4.22.0&#8243; _module_preset=&#8221;default&#8221; max_width=&#8221;1800px&#8221; global_colors_info=&#8221;{}&#8221;][et_pb_column type=&#8221;1_2&#8243; _builder_version=&#8221;4.22.0&#8243; _module_preset=&#8221;default&#8221; global_colors_info=&#8221;{}&#8221;][et_pb_image src=&#8221;https:\/\/loboiberico.org\/wp-content\/uploads\/2025\/01\/ACHLI0012.jpg&#8221; _builder_version=&#8221;4.27.4&#8243; _module_preset=&#8221;default&#8221; border_radii=&#8221;on|30px|30px|30px|30px&#8221; global_colors_info=&#8221;{}&#8221;][\/et_pb_image][\/et_pb_column][et_pb_column type=&#8221;1_2&#8243; _builder_version=&#8221;4.22.0&#8243; _module_preset=&#8221;default&#8221; global_colors_info=&#8221;{}&#8221;][et_pb_text _builder_version=&#8221;4.27.4&#8243; _module_preset=&#8221;c0287eff-381c-41be-b554-1f9624624dc4&#8243; text_font=&#8221;&#8211;et_global_body_font|600|||||||&#8221; text_font_size=&#8221;1rem&#8221; text_line_height=&#8221;1.2em&#8221; text_orientation=&#8221;justified&#8221; global_colors_info=&#8221;{}&#8221;]<\/p>\n<p>A ACHLI \u2013 Associa\u00e7\u00e3o de Conserva\u00e7\u00e3o do Habitat do Lobo Ib\u00e9rico \u00e9 uma associa\u00e7\u00e3o sem fins lucrativos, criada em 2006, que tem como miss\u00e3o a preserva\u00e7\u00e3o da paisagem natural e cultural de \u00e1reas sens\u00edveis e, em especial, a conserva\u00e7\u00e3o do habitat do Lobo Ib\u00e9rico.<\/p>\n<p>Para o desenvolvimento das suas atividades, a ACHLI conta com a contribui\u00e7\u00e3o ativa dos seus associados, empresas de produ\u00e7\u00e3o de energia renov\u00e1vel, <span>e a colabora\u00e7\u00e3o de v\u00e1rios sectores, <\/span>nomeadamente organismos p\u00fablicos da \u00e1rea do ambiente, universidades, centros de investiga\u00e7\u00e3o, organiza\u00e7\u00f5es n\u00e3o governamentais de ambiente, autarquias locais e comunidades locais, entre outras.<\/p>\n<p><span>As referidas contribui\u00e7\u00f5es asseguram o funcionamento do <span style=\"color: #008080;\"><a href=\"https:\/\/loboiberico.org\/fundo-do-lobo\/\" style=\"color: #008080;\">Fundo do Lobo<\/a><\/span>\u00a0<\/span><span>fundo este que \u00e9 utilizado para financiar os projetos de gest\u00e3o e conserva\u00e7\u00e3o do habitat do lobo ib\u00e9rico.<\/span><\/p>\n<p>[\/et_pb_text][\/et_pb_column][\/et_pb_row][\/et_pb_section][et_pb_section fb_built=&#8221;1&#8243; admin_label=&#8221;Video&#8221; _builder_version=&#8221;4.22.0&#8243; _module_preset=&#8221;default&#8221; collapsed=&#8221;on&#8221; global_colors_info=&#8221;{}&#8221;][et_pb_row column_structure=&#8221;2_3,1_3&#8243; _builder_version=&#8221;4.22.0&#8243; _module_preset=&#8221;default&#8221; max_width=&#8221;1800px&#8221; locked=&#8221;off&#8221; global_colors_info=&#8221;{}&#8221;][et_pb_column type=&#8221;2_3&#8243; _builder_version=&#8221;4.22.0&#8243; _module_preset=&#8221;default&#8221; global_colors_info=&#8221;{}&#8221;][et_pb_text _builder_version=&#8221;4.27.4&#8243; _module_preset=&#8221;a75d8ed2-78b3-4f3b-8f6f-ba10a375794e&#8221; text_font=&#8221;Montserrat|700|||||||&#8221; text_font_size=&#8221;2rem&#8221; text_line_height=&#8221;1.2em&#8221; text_orientation=&#8221;center&#8221; global_colors_info=&#8221;{}&#8221;]A conserva\u00e7\u00e3o do habitat do lobo ib\u00e9rico \u00e9 a nossa miss\u00e3o.[\/et_pb_text][\/et_pb_column][et_pb_column type=&#8221;1_3&#8243; _builder_version=&#8221;4.22.0&#8243; _module_preset=&#8221;default&#8221; global_colors_info=&#8221;{}&#8221;][et_pb_text _builder_version=&#8221;4.27.5&#8243; _module_preset=&#8221;9b6ffe67-db1e-45cf-9a2b-eb7c666a40d6&#8243; text_line_height=&#8221;1.6em&#8221; text_orientation=&#8221;justified&#8221; global_colors_info=&#8221;{}&#8221;]<\/p>\n<p><span>A ACHLI procura desenvolver projetos que representem reais mais-valias para a conserva\u00e7\u00e3o do habitat do lobo ib\u00e9rico. Todos os projetos t\u00eam em considera\u00e7\u00e3o o conhecimento mais atual sobre a esp\u00e9cie e a envolvente socioecon\u00f3mica, aspetos determinantes para o seu sucesso.<\/span><\/p>\n<p>[\/et_pb_text][et_pb_button button_url=&#8221;@ET-DC@eyJkeW5hbWljIjp0cnVlLCJjb250ZW50IjoicG9zdF9saW5rX3VybF9wYWdlIiwic2V0dGluZ3MiOnsicG9zdF9pZCI6IjEyMCJ9fQ==@&#8221; button_text=&#8221;Exposi\u00e7\u00e3o Interativa&#8221; disabled_on=&#8221;on|on|on&#8221; _builder_version=&#8221;4.27.4&#8243; _dynamic_attributes=&#8221;button_url&#8221; _module_preset=&#8221;85df30b6-74d2-4ffd-9c57-d6fdf0056b8a&#8221; disabled=&#8221;on&#8221; global_colors_info=&#8221;{%22gcid-f1e65d51-fa2f-4bf0-b2c1-8eab7001e8fd%22:%91%22button_text_color%22%93,%22gcid-07a028f4-a2d4-4ee3-91d1-c05113363b6b%22:%91%22button_text_color%22%93}&#8221;][\/et_pb_button][\/et_pb_column][\/et_pb_row][et_pb_row _builder_version=&#8221;4.22.0&#8243; _module_preset=&#8221;default&#8221; max_width=&#8221;1800px&#8221; global_colors_info=&#8221;{}&#8221;][et_pb_column type=&#8221;4_4&#8243; _builder_version=&#8221;4.22.0&#8243; _module_preset=&#8221;default&#8221; global_colors_info=&#8221;{}&#8221;][et_pb_video src=&#8221;https:\/\/www.youtube.com\/watch?v=FWJGWH6AcA8&#8243; image_src=&#8221;\/\/i.ytimg.com\/vi\/FWJGWH6AcA8\/hqdefault.jpg&#8221; _builder_version=&#8221;4.27.4&#8243; _module_preset=&#8221;default&#8221; border_radii=&#8221;on|30px|30px|30px|30px&#8221; global_colors_info=&#8221;{}&#8221;][\/et_pb_video][\/et_pb_column][\/et_pb_row][\/et_pb_section][et_pb_section fb_built=&#8221;1&#8243; admin_label=&#8221;Header&#8221; _builder_version=&#8221;4.27.4&#8243; _module_preset=&#8221;default&#8221; background_color=&#8221;#FFFFFF&#8221; collapsed=&#8221;on&#8221; global_colors_info=&#8221;{}&#8221;][et_pb_row _builder_version=&#8221;4.27.4&#8243; _module_preset=&#8221;default&#8221; max_width=&#8221;1800px&#8221; global_colors_info=&#8221;{}&#8221;][et_pb_column type=&#8221;4_4&#8243; _builder_version=&#8221;4.22.0&#8243; _module_preset=&#8221;default&#8221; global_colors_info=&#8221;{}&#8221;][et_pb_text _builder_version=&#8221;4.27.4&#8243; _module_preset=&#8221;c0287eff-381c-41be-b554-1f9624624dc4&#8243; text_font=&#8221;Montserrat|700|||||||&#8221; text_font_size=&#8221;2rem&#8221; text_line_height=&#8221;1.2em&#8221; text_orientation=&#8221;center&#8221; global_colors_info=&#8221;{%22gcid-07a028f4-a2d4-4ee3-91d1-c05113363b6b%22:%91%22text_text_color%22%93}&#8221;]<\/p>\n<p>\u00d3rg\u00e3os Sociais e Equipa T\u00e9cnica<\/p>\n<p>[\/et_pb_text][\/et_pb_column][\/et_pb_row][et_pb_row column_structure=&#8221;1_2,1_2&#8243; _builder_version=&#8221;4.27.4&#8243; _module_preset=&#8221;default&#8221; max_width=&#8221;1800px&#8221; custom_padding=&#8221;4vh||||false|false&#8221; global_colors_info=&#8221;{}&#8221;][et_pb_column type=&#8221;1_2&#8243; _builder_version=&#8221;4.22.0&#8243; _module_preset=&#8221;default&#8221; global_colors_info=&#8221;{}&#8221;][et_pb_toggle title=&#8221;Dire\u00e7\u00e3o&#8221; open=&#8221;on&#8221; closed_toggle_text_color=&#8221;#FFFFFF&#8221; closed_toggle_background_color=&#8221;gcid-07a028f4-a2d4-4ee3-91d1-c05113363b6b&#8221; _builder_version=&#8221;4.27.5&#8243; _module_preset=&#8221;default&#8221; title_text_color=&#8221;gcid-07a028f4-a2d4-4ee3-91d1-c05113363b6b&#8221; global_colors_info=&#8221;{%22gcid-07a028f4-a2d4-4ee3-91d1-c05113363b6b%22:%91%22closed_toggle_background_color%22,%22title_text_color%22%93}&#8221;]<\/p>\n<p><strong>Presidente<\/strong><br \/>Ventominho, S.A., representada por Jos\u00e9 Miguel Fialho Oliveira<\/p>\n<p><strong>Vice-Presidente<\/strong><br \/>E\u00f3lica da Arada, S.A., representada por Rui Manuel dos Santos Neves<\/p>\n<p><strong>Vogal<\/strong><br \/>Parque E\u00f3lico do Douro Sul, S.A., representada por Gracinda Patr\u00edcia Correia Cardoso<\/p>\n<p><strong>Vogal<\/strong><br \/>EDP Renov\u00e1veis, S.A., representada por Tim\u00f3teo de Jesus Pimenta Monteiro<\/p>\n<p><strong>Vogal<\/strong><br \/>Empreendimentos E\u00f3licos de Ribadelide, S.A., representada por Maria Jo\u00e3o Ramos Gon\u00e7alves Pedreira<\/p>\n<p>[\/et_pb_toggle][et_pb_toggle title=&#8221;Mesa da Assembleia Geral&#8221; closed_toggle_text_color=&#8221;#FFFFFF&#8221; closed_toggle_background_color=&#8221;gcid-07a028f4-a2d4-4ee3-91d1-c05113363b6b&#8221; _builder_version=&#8221;4.27.6&#8243; _module_preset=&#8221;default&#8221; title_text_color=&#8221;gcid-07a028f4-a2d4-4ee3-91d1-c05113363b6b&#8221; hover_enabled=&#8221;0&#8243; global_colors_info=&#8221;{%22gcid-07a028f4-a2d4-4ee3-91d1-c05113363b6b%22:%91%22closed_toggle_background_color%22,%22title_text_color%22,%22open_toggle_background_color%22,%22closed_toggle_background_color%22%93}&#8221; sticky_enabled=&#8221;0&#8243;]<\/p>\n<p><strong>Presidente<\/strong><br \/>Empreendimentos e\u00f3licos do Douro,\u00a0 S.A. representada por Madalena Coelho da Rocha<\/p>\n<p><strong>1\u00ba Secret\u00e1rio<\/strong><br \/>Empreendimentos E\u00f3licos da Espiga, S.A., representada por Mariana Ferreira Corregedor Mineiro<\/p>\n<p><strong>2\u00ba Secret\u00e1rio<\/strong><br \/>E\u00f3lica de Montemuro, S.A., representada por L\u00edgia Cristina Ramos Gon\u00e7alves Pereira Mendes<\/p>\n<p>[\/et_pb_toggle][et_pb_toggle title=&#8221;Conselho Fiscal&#8221; closed_toggle_text_color=&#8221;#FFFFFF&#8221; closed_toggle_background_color=&#8221;gcid-07a028f4-a2d4-4ee3-91d1-c05113363b6b&#8221; _builder_version=&#8221;4.27.4&#8243; _module_preset=&#8221;default&#8221; title_text_color=&#8221;gcid-07a028f4-a2d4-4ee3-91d1-c05113363b6b&#8221; global_colors_info=&#8221;{%22gcid-07a028f4-a2d4-4ee3-91d1-c05113363b6b%22:%91%22closed_toggle_background_color%22,%22title_text_color%22,%22open_toggle_background_color%22,%22closed_toggle_background_color%22%93}&#8221;]<\/p>\n<p><strong>Presidente<\/strong><br \/>E\u00f3lica do Alto Douro, S.A., representada por Francisco Manuel do Po\u00e7o Tunico<\/p>\n<p><strong>Vogal<\/strong><br \/>E\u00f3lica da Cabreira, S.A., representada por Susana Isabel Pinto Ara\u00fajo Coutinho<\/p>\n<p><strong>Vogal<\/strong><br \/>Iberwind II Produ\u00e7\u00e3o \u2013 Sociedade Unipessoal, Lda., representada por Nuno Filipe Moreira Ferraz de Gouveia Jorge<\/p>\n<p>[\/et_pb_toggle][et_pb_toggle title=&#8221;Equipa T\u00e9cnica&#8221; closed_toggle_text_color=&#8221;#FFFFFF&#8221; closed_toggle_background_color=&#8221;gcid-07a028f4-a2d4-4ee3-91d1-c05113363b6b&#8221; _builder_version=&#8221;4.27.4&#8243; _module_preset=&#8221;default&#8221; title_text_color=&#8221;gcid-07a028f4-a2d4-4ee3-91d1-c05113363b6b&#8221; global_colors_info=&#8221;{%22gcid-07a028f4-a2d4-4ee3-91d1-c05113363b6b%22:%91%22closed_toggle_background_color%22,%22title_text_color%22,%22open_toggle_background_color%22,%22closed_toggle_background_color%22%93}&#8221;]<\/p>\n<p><span>Gon\u00e7alo Nuno Mendes Brotas<\/span><br \/><span>Cindy Elizabete Cerqueira Loureiro<\/span><\/p>\n<p>[\/et_pb_toggle][\/et_pb_column][et_pb_column type=&#8221;1_2&#8243; _builder_version=&#8221;4.22.0&#8243; _module_preset=&#8221;default&#8221; global_colors_info=&#8221;{}&#8221;][et_pb_image src=&#8221;https:\/\/loboiberico.org\/wp-content\/uploads\/2025\/01\/ACHLI0028.jpg&#8221; _builder_version=&#8221;4.27.5&#8243; _module_preset=&#8221;default&#8221; width=&#8221;82%&#8221; filter_brightness=&#8221;110%&#8221; filter_contrast=&#8221;110%&#8221; border_radii=&#8221;on|20px|20px|20px|20px&#8221; global_colors_info=&#8221;{}&#8221;][\/et_pb_image][\/et_pb_column][\/et_pb_row][et_pb_row _builder_version=&#8221;4.27.4&#8243; _module_preset=&#8221;default&#8221; max_width=&#8221;1800px&#8221; global_colors_info=&#8221;{}&#8221;][et_pb_column type=&#8221;4_4&#8243; _builder_version=&#8221;4.22.0&#8243; _module_preset=&#8221;default&#8221; global_colors_info=&#8221;{}&#8221;][et_pb_text _builder_version=&#8221;4.27.4&#8243; _module_preset=&#8221;c0287eff-381c-41be-b554-1f9624624dc4&#8243; text_font=&#8221;Montserrat|700|||||||&#8221; text_font_size=&#8221;2rem&#8221; text_line_height=&#8221;1.2em&#8221; text_orientation=&#8221;center&#8221; global_colors_info=&#8221;{%22gcid-07a028f4-a2d4-4ee3-91d1-c05113363b6b%22:%91%22text_text_color%22%93}&#8221;]<\/p>\n<p>Associados<\/p>\n<p>[\/et_pb_text][\/et_pb_column][\/et_pb_row][et_pb_row column_structure=&#8221;1_4,1_4,1_4,1_4&#8243; _builder_version=&#8221;4.27.4&#8243; _module_preset=&#8221;default&#8221; max_width=&#8221;1800px&#8221; custom_padding=&#8221;4vh||||false|false&#8221; border_radii=&#8221;on|2px|2px|2px|2px&#8221; border_width_all=&#8221;1px&#8221; border_color_all=&#8221;#339499&#8243; global_colors_info=&#8221;{}&#8221;][et_pb_column type=&#8221;1_4&#8243; _builder_version=&#8221;4.22.0&#8243; _module_preset=&#8221;default&#8221; global_colors_info=&#8221;{}&#8221;][et_pb_blurb image=&#8221;https:\/\/loboiberico.org\/wp-content\/uploads\/2025\/06\/logos-associados-ACHLI-07.jpg&#8221; _builder_version=&#8221;4.27.4&#8243; _module_preset=&#8221;default&#8221; header_text_align=&#8221;center&#8221; header_text_color=&#8221;#339499&#8243; header_font_size=&#8221;1.4rem&#8221; body_text_align=&#8221;center&#8221; body_font_size=&#8221;1rem&#8221; global_colors_info=&#8221;{}&#8221;][\/et_pb_blurb][\/et_pb_column][et_pb_column type=&#8221;1_4&#8243; _builder_version=&#8221;4.22.0&#8243; _module_preset=&#8221;default&#8221; global_colors_info=&#8221;{}&#8221;][et_pb_blurb image=&#8221;https:\/\/loboiberico.org\/wp-content\/uploads\/2025\/06\/logos-associados-ACHLI-02.jpg&#8221; _builder_version=&#8221;4.27.4&#8243; _module_preset=&#8221;default&#8221; header_text_align=&#8221;center&#8221; header_text_color=&#8221;#339499&#8243; header_font_size=&#8221;1.4rem&#8221; body_text_align=&#8221;center&#8221; body_font_size=&#8221;1rem&#8221; global_colors_info=&#8221;{}&#8221;][\/et_pb_blurb][\/et_pb_column][et_pb_column type=&#8221;1_4&#8243; _builder_version=&#8221;4.22.0&#8243; _module_preset=&#8221;default&#8221; global_colors_info=&#8221;{}&#8221;][et_pb_blurb image=&#8221;https:\/\/loboiberico.org\/wp-content\/uploads\/2025\/06\/logos-associados-ACHLI-09.jpg&#8221; _builder_version=&#8221;4.27.4&#8243; _module_preset=&#8221;default&#8221; header_text_align=&#8221;center&#8221; header_text_color=&#8221;#339499&#8243; header_font_size=&#8221;1.4rem&#8221; body_text_align=&#8221;center&#8221; body_font_size=&#8221;1rem&#8221; global_colors_info=&#8221;{}&#8221;][\/et_pb_blurb][\/et_pb_column][et_pb_column type=&#8221;1_4&#8243; _builder_version=&#8221;4.22.0&#8243; _module_preset=&#8221;default&#8221; global_colors_info=&#8221;{}&#8221;][et_pb_blurb image=&#8221;https:\/\/loboiberico.org\/wp-content\/uploads\/2025\/06\/logos-associados-ACHLI-05.jpg&#8221; _builder_version=&#8221;4.27.4&#8243; _module_preset=&#8221;default&#8221; header_text_align=&#8221;center&#8221; header_text_color=&#8221;#339499&#8243; header_font_size=&#8221;1.4rem&#8221; body_text_align=&#8221;center&#8221; body_font_size=&#8221;1rem&#8221; global_colors_info=&#8221;{}&#8221;][\/et_pb_blurb][\/et_pb_column][\/et_pb_row][et_pb_row column_structure=&#8221;1_4,1_4,1_4,1_4&#8243; _builder_version=&#8221;4.27.4&#8243; _module_preset=&#8221;default&#8221; max_width=&#8221;1800px&#8221; custom_padding=&#8221;4vh||||false|false&#8221; border_radii=&#8221;on|2px|2px|2px|2px&#8221; border_width_all=&#8221;1px&#8221; border_color_all=&#8221;#339499&#8243; global_colors_info=&#8221;{}&#8221;][et_pb_column type=&#8221;1_4&#8243; _builder_version=&#8221;4.22.0&#8243; _module_preset=&#8221;default&#8221; global_colors_info=&#8221;{}&#8221;][et_pb_blurb image=&#8221;https:\/\/loboiberico.org\/wp-content\/uploads\/2025\/06\/logos-associados-ACHLI-03.jpg&#8221; _builder_version=&#8221;4.27.4&#8243; _module_preset=&#8221;default&#8221; header_text_align=&#8221;center&#8221; header_text_color=&#8221;#339499&#8243; header_font_size=&#8221;1.4rem&#8221; body_text_align=&#8221;center&#8221; body_font_size=&#8221;1rem&#8221; global_colors_info=&#8221;{}&#8221;][\/et_pb_blurb][\/et_pb_column][et_pb_column type=&#8221;1_4&#8243; _builder_version=&#8221;4.22.0&#8243; _module_preset=&#8221;default&#8221; global_colors_info=&#8221;{}&#8221;][et_pb_blurb image=&#8221;https:\/\/loboiberico.org\/wp-content\/uploads\/2025\/06\/logos-associados-ACHLI-04.jpg&#8221; _builder_version=&#8221;4.27.4&#8243; _module_preset=&#8221;default&#8221; header_text_align=&#8221;center&#8221; header_text_color=&#8221;#339499&#8243; header_font_size=&#8221;1.4rem&#8221; body_text_align=&#8221;center&#8221; body_font_size=&#8221;1rem&#8221; global_colors_info=&#8221;{}&#8221;][\/et_pb_blurb][\/et_pb_column][et_pb_column type=&#8221;1_4&#8243; _builder_version=&#8221;4.22.0&#8243; _module_preset=&#8221;default&#8221; global_colors_info=&#8221;{}&#8221;][et_pb_blurb image=&#8221;https:\/\/loboiberico.org\/wp-content\/uploads\/2025\/06\/logos-associados-ACHLI-06.jpg&#8221; _builder_version=&#8221;4.27.4&#8243; _module_preset=&#8221;default&#8221; header_text_align=&#8221;center&#8221; header_text_color=&#8221;#339499&#8243; header_font_size=&#8221;1.4rem&#8221; body_text_align=&#8221;center&#8221; body_font_size=&#8221;1rem&#8221; global_colors_info=&#8221;{}&#8221;][\/et_pb_blurb][\/et_pb_column][et_pb_column type=&#8221;1_4&#8243; _builder_version=&#8221;4.22.0&#8243; _module_preset=&#8221;default&#8221; global_colors_info=&#8221;{}&#8221;][et_pb_blurb image=&#8221;https:\/\/loboiberico.org\/wp-content\/uploads\/2025\/09\/Eolica-do-Centro_SD_Poli_POS_RGB-scaled.png&#8221; _builder_version=&#8221;4.27.4&#8243; _module_preset=&#8221;default&#8221; header_text_align=&#8221;center&#8221; header_text_color=&#8221;#339499&#8243; header_font_size=&#8221;1.4rem&#8221; body_text_align=&#8221;center&#8221; body_font_size=&#8221;1rem&#8221; global_colors_info=&#8221;{}&#8221;][\/et_pb_blurb][\/et_pb_column][\/et_pb_row][et_pb_row column_structure=&#8221;1_4,1_4,1_4,1_4&#8243; _builder_version=&#8221;4.27.4&#8243; _module_preset=&#8221;default&#8221; max_width=&#8221;1800px&#8221; custom_padding=&#8221;4vh||||false|false&#8221; border_radii=&#8221;on|2px|2px|2px|2px&#8221; border_width_all=&#8221;1px&#8221; border_color_all=&#8221;#339499&#8243; global_colors_info=&#8221;{}&#8221;][et_pb_column type=&#8221;1_4&#8243; _builder_version=&#8221;4.22.0&#8243; _module_preset=&#8221;default&#8221; global_colors_info=&#8221;{}&#8221;][et_pb_blurb image=&#8221;https:\/\/loboiberico.org\/wp-content\/uploads\/2025\/06\/logos-associados-ACHLI-08.jpg&#8221; _builder_version=&#8221;4.27.4&#8243; _module_preset=&#8221;default&#8221; header_text_align=&#8221;center&#8221; header_text_color=&#8221;#339499&#8243; header_font_size=&#8221;1.4rem&#8221; body_text_align=&#8221;center&#8221; body_font_size=&#8221;1rem&#8221; global_colors_info=&#8221;{}&#8221;][\/et_pb_blurb][\/et_pb_column][et_pb_column type=&#8221;1_4&#8243; _builder_version=&#8221;4.22.0&#8243; _module_preset=&#8221;default&#8221; global_colors_info=&#8221;{}&#8221;][et_pb_blurb image=&#8221;https:\/\/loboiberico.org\/wp-content\/uploads\/2025\/06\/logos-associados-ACHLI_Prancheta-1.jpg&#8221; _builder_version=&#8221;4.27.4&#8243; _module_preset=&#8221;default&#8221; header_text_align=&#8221;center&#8221; header_text_color=&#8221;#339499&#8243; header_font_size=&#8221;1.4rem&#8221; body_text_align=&#8221;center&#8221; body_font_size=&#8221;1rem&#8221; global_colors_info=&#8221;{}&#8221;][\/et_pb_blurb][\/et_pb_column][et_pb_column type=&#8221;1_4&#8243; _builder_version=&#8221;4.22.0&#8243; _module_preset=&#8221;default&#8221; global_colors_info=&#8221;{}&#8221;][et_pb_blurb image=&#8221;https:\/\/loboiberico.org\/wp-content\/uploads\/2025\/12\/WhatsApp-Image-2025-12-04-at-17.06.41.jpeg&#8221; _builder_version=&#8221;4.27.4&#8243; _module_preset=&#8221;default&#8221; header_text_align=&#8221;center&#8221; header_text_color=&#8221;#339499&#8243; header_font_size=&#8221;1.4rem&#8221; body_text_align=&#8221;center&#8221; body_font_size=&#8221;1rem&#8221; global_colors_info=&#8221;{}&#8221;][\/et_pb_blurb][\/et_pb_column][et_pb_column type=&#8221;1_4&#8243; _builder_version=&#8221;4.22.0&#8243; _module_preset=&#8221;default&#8221; global_colors_info=&#8221;{}&#8221;][\/et_pb_column][\/et_pb_row][\/et_pb_section]<\/p>\n","protected":false},"excerpt":{"rendered":"<p>Associa\u00e7\u00e3o de Conserva\u00e7\u00e3o do Habitat do Lobo Ib\u00e9ricoA ACHLI \u2013 Associa\u00e7\u00e3o de Conserva\u00e7\u00e3o do Habitat do Lobo Ib\u00e9rico \u00e9 uma associa\u00e7\u00e3o sem fins lucrativos, criada em 2006, que tem como miss\u00e3o a preserva\u00e7\u00e3o da paisagem natural e cultural de \u00e1reas sens\u00edveis e, em especial, a conserva\u00e7\u00e3o do habitat do Lobo Ib\u00e9rico. Para o desenvolvimento das [&hellip;]<\/p>\n","protected":false},"author":1,"featured_media":0,"parent":0,"menu_order":0,"comment_status":"closed","ping_status":"closed","template":"","meta":{"_et_pb_use_builder":"on","_et_pb_old_content":"","_et_gb_content_width":"","footnotes":""},"class_list":["post-482","page","type-page","status-publish","hentry"],"_links":{"self":[{"href":"https:\/\/loboiberico.org\/en\/wp-json\/wp\/v2\/pages\/482","targetHints":{"allow":["GET"]}}],"collection":[{"href":"https:\/\/loboiberico.org\/en\/wp-json\/wp\/v2\/pages"}],"about":[{"href":"https:\/\/loboiberico.org\/en\/wp-json\/wp\/v2\/types\/page"}],"author":[{"embeddable":true,"href":"https:\/\/loboiberico.org\/en\/wp-json\/wp\/v2\/users\/1"}],"replies":[{"embeddable":true,"href":"https:\/\/loboiberico.org\/en\/wp-json\/wp\/v2\/comments?post=482"}],"version-history":[{"count":54,"href":"https:\/\/loboiberico.org\/en\/wp-json\/wp\/v2\/pages\/482\/revisions"}],"predecessor-version":[{"id":971,"href":"https:\/\/loboiberico.org\/en\/wp-json\/wp\/v2\/pages\/482\/revisions\/971"}],"wp:attachment":[{"href":"https:\/\/loboiberico.org\/en\/wp-json\/wp\/v2\/media?parent=482"}],"curies":[{"name":"wp","href":"https:\/\/api.w.org\/{rel}","templated":true}]}}