{"id":723,"date":"2025-10-31T10:27:28","date_gmt":"2025-10-31T10:27:28","guid":{"rendered":"https:\/\/loboiberico.org\/?page_id=723"},"modified":"2025-12-09T17:41:13","modified_gmt":"2025-12-09T17:41:13","slug":"publicacoes-e-estudos","status":"publish","type":"page","link":"https:\/\/loboiberico.org\/en\/publicacoes-e-estudos\/","title":{"rendered":"Publications and Studies"},"content":{"rendered":"<p>[et_pb_section fb_built=&#8221;1&#8243; admin_label=&#8221;Header&#8221; _builder_version=&#8221;4.22.0&#8243; _module_preset=&#8221;default&#8221; overflow-x=&#8221;hidden&#8221; overflow-y=&#8221;hidden&#8221; collapsed=&#8221;off&#8221; global_colors_info=&#8221;{}&#8221;][et_pb_row _builder_version=&#8221;4.27.4&#8243; _module_preset=&#8221;default&#8221; max_width=&#8221;1800px&#8221; custom_margin=&#8221;60px||||false|false&#8221; global_colors_info=&#8221;{}&#8221;][et_pb_column type=&#8221;4_4&#8243; _builder_version=&#8221;4.22.0&#8243; _module_preset=&#8221;default&#8221; global_colors_info=&#8221;{}&#8221;][et_pb_text _builder_version=&#8221;4.27.4&#8243; _module_preset=&#8221;_initial&#8221; text_font=&#8221;Montserrat|700|||||||&#8221; text_font_size=&#8221;2rem&#8221; text_line_height=&#8221;1.2em&#8221; text_orientation=&#8221;center&#8221; hover_enabled=&#8221;0&#8243; locked=&#8221;off&#8221; global_colors_info=&#8221;{}&#8221; sticky_enabled=&#8221;0&#8243;]<\/p>\n<p>Publica\u00e7\u00f5es e Estudos<\/p>\n<p>[\/et_pb_text][\/et_pb_column][\/et_pb_row][et_pb_row column_structure=&#8221;1_3,2_3&#8243; _builder_version=&#8221;4.27.4&#8243; _module_preset=&#8221;default&#8221; max_width=&#8221;1800px&#8221; global_colors_info=&#8221;{}&#8221;][et_pb_column type=&#8221;1_3&#8243; _builder_version=&#8221;4.27.4&#8243; _module_preset=&#8221;default&#8221; global_colors_info=&#8221;{}&#8221;][et_pb_image src=&#8221;https:\/\/loboiberico.org\/wp-content\/uploads\/2025\/11\/livro_lobo.jpg&#8221; url=&#8221;https:\/\/www.facebook.com\/photo\/?fbid=4807826472583735&#038;set=a.703293929703697&#038;locale=pt_PT&#8221; _builder_version=&#8221;4.27.4&#8243; _module_preset=&#8221;default&#8221; global_colors_info=&#8221;{}&#8221;][\/et_pb_image][\/et_pb_column][et_pb_column type=&#8221;2_3&#8243; _builder_version=&#8221;4.27.4&#8243; _module_preset=&#8221;default&#8221; global_colors_info=&#8221;{}&#8221;][et_pb_text _builder_version=&#8221;4.27.4&#8243; _module_preset=&#8221;default&#8221; text_font=&#8221;|700|||||||&#8221; text_font_size=&#8221;1.4rem&#8221; global_colors_info=&#8221;{}&#8221;]<\/p>\n<p>No Trilho do Lobo.<\/p>\n<p>[\/et_pb_text][et_pb_text _builder_version=&#8221;4.27.4&#8243; _module_preset=&#8221;default&#8221; text_font_size=&#8221;0.9rem&#8221; text_orientation=&#8221;justified&#8221; global_colors_info=&#8221;{}&#8221;]<\/p>\n<p>Um livro que retrata a vida do lobo ib\u00e9rico com imagens in\u00e9ditas, todas captadas em plena natureza atrav\u00e9s da lente do fot\u00f3grafo da natureza <a href=\"https:\/\/www.facebook.com\/joao.cosme.1?__cft__%5b0%5d=AZWcjOGvrlpcGV9k-6etGFlv_FE05nbnzhq4LqBoklegjyLkN0WCiQQdg5LxW06qmBjhSySf3qnaEFCbuxN1a3uUn5_KRq3cIyfG2ISheXnETS-PtQRPW2--7khEDZ2_6wk&amp;__tn__=-%5dK-R\">Jo\u00e3o Cosme<\/a>, resultado de meses de trabalho de campo.<\/p>\n<p>Foram v\u00e1rias horas a percorrer trilhos e subir serras \u00e0 procura do lobo-ib\u00e9rico, com muito material nas mochilas. O Jo\u00e3o passava semanas inteiras na serra \u00e0 espera de captar uma imagem de um dos animais mais emblem\u00e1ticos da fauna portuguesa. Descubra neste livro fotografias \u00fanicas de lobo, paisagens, fauna e flora diversa que partilham o territ\u00f3rio com o lobo-ib\u00e9rico.<\/p>\n<p>Editado pela ACHLI \u2013 Associa\u00e7\u00e3o de Conserva\u00e7\u00e3o do Habitat do Lobo Ib\u00e9rico.<\/p>\n<p>[\/et_pb_text][\/et_pb_column][\/et_pb_row][et_pb_row column_structure=&#8221;1_3,2_3&#8243; _builder_version=&#8221;4.27.4&#8243; _module_preset=&#8221;default&#8221; max_width=&#8221;1800px&#8221; global_colors_info=&#8221;{}&#8221;][et_pb_column type=&#8221;1_3&#8243; _builder_version=&#8221;4.27.4&#8243; _module_preset=&#8221;default&#8221; global_colors_info=&#8221;{}&#8221;][et_pb_image src=&#8221;https:\/\/loboiberico.org\/wp-content\/uploads\/2025\/11\/livro_estrela.jpg&#8221; url=&#8221;https:\/\/www.facebook.com\/photo\/?fbid=10159627064253001&#038;set=a.10150994241018001&#8243; _builder_version=&#8221;4.27.4&#8243; _module_preset=&#8221;default&#8221; global_colors_info=&#8221;{}&#8221;][\/et_pb_image][\/et_pb_column][et_pb_column type=&#8221;2_3&#8243; _builder_version=&#8221;4.27.4&#8243; _module_preset=&#8221;default&#8221; global_colors_info=&#8221;{}&#8221;][et_pb_text _builder_version=&#8221;4.27.4&#8243; _module_preset=&#8221;default&#8221; text_font=&#8221;|700|||||||&#8221; text_font_size=&#8221;1.4rem&#8221; global_colors_info=&#8221;{}&#8221;]<\/p>\n<p>O Lobo-ib\u00e9rico e a Estrela.<\/p>\n<p>[\/et_pb_text][et_pb_text _builder_version=&#8221;4.27.4&#8243; _module_preset=&#8221;default&#8221; text_font_size=&#8221;0.9rem&#8221; text_orientation=&#8221;justified&#8221; global_colors_info=&#8221;{}&#8221;]<\/p>\n<p>O livro \u201cO Lobo-ib\u00e9rico e a Estrela\u201d \u00a0retrata a hist\u00f3ria de um jovem pastor, o Lu\u00eds, nascido e criado na serra, em plena natureza. Pela sua voz, ficamos a conhecer melhor o verdadeiro lobo, que ele tanto admira e como, com a ajuda da Estrela, uma valente Serra da Estrela, ensina como \u00e9 poss\u00edvel conviver com este predador.<\/p>\n<p>Desenvolvido pelo Grupo Lobo, em parceria com a Betweien, a publica\u00e7\u00e3o contou com o apoio da ACHLI &#8211; Associa\u00e7\u00e3o de Conserva\u00e7\u00e3o do Habitat do Lobo Ib\u00e9rico e a colabora\u00e7\u00e3o da Associa\u00e7\u00e3o Portuguesa do C\u00e3o da Serra da Estrela e da Liga dos Criadores e Amigos do C\u00e3o da Serra da Estrela.<\/p>\n<p>[\/et_pb_text][\/et_pb_column][\/et_pb_row][et_pb_row column_structure=&#8221;1_3,2_3&#8243; _builder_version=&#8221;4.27.4&#8243; _module_preset=&#8221;default&#8221; max_width=&#8221;1800px&#8221; global_colors_info=&#8221;{}&#8221;][et_pb_column type=&#8221;1_3&#8243; _builder_version=&#8221;4.27.4&#8243; _module_preset=&#8221;default&#8221; global_colors_info=&#8221;{}&#8221;][et_pb_image src=&#8221;https:\/\/loboiberico.org\/wp-content\/uploads\/2025\/11\/lobo_nao_era_mau.jpg&#8221; url=&#8221;https:\/\/www.palombar.pt\/pt\/publicacoes\/134\/%20&#8243; _builder_version=&#8221;4.27.4&#8243; _module_preset=&#8221;default&#8221; global_colors_info=&#8221;{}&#8221;][\/et_pb_image][\/et_pb_column][et_pb_column type=&#8221;2_3&#8243; _builder_version=&#8221;4.27.4&#8243; _module_preset=&#8221;default&#8221; global_colors_info=&#8221;{}&#8221;][et_pb_text _builder_version=&#8221;4.27.4&#8243; _module_preset=&#8221;default&#8221; text_font=&#8221;|700|||||||&#8221; text_font_size=&#8221;1.4rem&#8221; global_colors_info=&#8221;{}&#8221;]<\/p>\n<p>O Lobo que n\u00e3o era mau.<\/p>\n<p>[\/et_pb_text][et_pb_text _builder_version=&#8221;4.27.4&#8243; _module_preset=&#8221;default&#8221; text_font_size=&#8221;0.9rem&#8221; text_orientation=&#8221;justified&#8221; global_colors_info=&#8221;{}&#8221;]<\/p>\n<p>Descobre nesta obra \u201cO Lobo que n\u00e3o era mau\u201d a verdadeira hist\u00f3ria sobre o lobo que ningu\u00e9m te contou. Atrav\u00e9s da desconstru\u00e7\u00e3o das ideias-chave presentes num dos contos infantis mais populares cujo vil\u00e3o \u00e9 o lobo &#8211; O Capuchinho Vermelho -, que produziram, no imagin\u00e1rio social coletivo, uma imagem negativa desta esp\u00e9cie, o livro mostra, numa narrativa conduzida pelas d\u00favidas e curiosidade intr\u00ednsecas de uma crian\u00e7a, quem o lobo-ib\u00e9rico realmente \u00e9, abordando v\u00e1rios temas fundamentais relacionados com este mam\u00edfero ic\u00f3nico.<\/p>\n<p>Este livro foi editado com o apoio da Dire\u00e7\u00e3o Regional de Cultura do Norte, da ACHLI -Associa\u00e7\u00e3o de Conserva\u00e7\u00e3o do Habitat do Lobo Ib\u00e9rico e dos munic\u00edpios de Bragan\u00e7a, Guarda, Miranda do Douro, Mogadouro, Montalegre e Vimioso.<\/p>\n<p>[\/et_pb_text][\/et_pb_column][\/et_pb_row][et_pb_row column_structure=&#8221;1_3,2_3&#8243; _builder_version=&#8221;4.27.4&#8243; _module_preset=&#8221;default&#8221; max_width=&#8221;1800px&#8221; global_colors_info=&#8221;{}&#8221;][et_pb_column type=&#8221;1_3&#8243; _builder_version=&#8221;4.27.4&#8243; _module_preset=&#8221;default&#8221; global_colors_info=&#8221;{}&#8221;][et_pb_image src=&#8221;https:\/\/loboiberico.org\/wp-content\/uploads\/2025\/11\/lobo_social.png&#8221; _builder_version=&#8221;4.27.4&#8243; _module_preset=&#8221;default&#8221; global_colors_info=&#8221;{}&#8221;][\/et_pb_image][\/et_pb_column][et_pb_column type=&#8221;2_3&#8243; _builder_version=&#8221;4.27.4&#8243; _module_preset=&#8221;default&#8221; global_colors_info=&#8221;{}&#8221;][et_pb_text _builder_version=&#8221;4.27.4&#8243; _module_preset=&#8221;default&#8221; text_font=&#8221;|700|||||||&#8221; text_font_size=&#8221;1.4rem&#8221; global_colors_info=&#8221;{}&#8221;]<\/p>\n<p>Apoiar a Coexist\u00eancia no Habitat do Lobo-Ib\u00e9rico<\/p>\n<p>[\/et_pb_text][et_pb_text _builder_version=&#8221;4.27.4&#8243; _module_preset=&#8221;default&#8221; text_font_size=&#8221;0.9rem&#8221; text_orientation=&#8221;justified&#8221; global_colors_info=&#8221;{}&#8221;]<\/p>\n<p>Este estudo aprofunda o conhecimento existente sobre os usos m\u00faltiplos em \u00e1reas de presen\u00e7a de lobo e sobre a utiliza\u00e7\u00e3o dos c\u00e3es de gado, por forma a dar resposta a v\u00e1rios desafios que atualmente se colocam ao seu uso. Teve por base um processo de ausculta\u00e7\u00e3o social baseado no estudo das perce\u00e7\u00f5es, opini\u00f5es e pr\u00e1ticas humanas relacionadas com o uso dos c\u00e3es de gado, consubstanciado por observa\u00e7\u00f5es in situ e dados de movimentos dos c\u00e3es e as intera\u00e7\u00f5es espaciais com outras atividades.<\/p>\n<p>Lopes-Fernandes, M., Soares, F., Mendes, A.B., Ra\u00e7\u00f5es, F.P., Pinho de Almeida, M., Fraz\u00e3o-Moreira, A., Palacios, V., Petrucci-Fonseca, F., Ribeiro, S. (2025) Avaliar o Impacto Social dos C\u00e3es de Gado. Relat\u00f3rio T\u00e9cnico. Centro em Rede de Investiga\u00e7\u00e3o em Antropologia\/Grupo Lobo, Lisboa.<\/p>\n<p>[\/et_pb_text][\/et_pb_column][\/et_pb_row][\/et_pb_section]<\/p>\n","protected":false},"excerpt":{"rendered":"<p>Publica\u00e7\u00f5es e EstudosNo Trilho do Lobo.Um livro que retrata a vida do lobo ib\u00e9rico com imagens in\u00e9ditas, todas captadas em plena natureza atrav\u00e9s da lente do fot\u00f3grafo da natureza Jo\u00e3o Cosme, resultado de meses de trabalho de campo. Foram v\u00e1rias horas a percorrer trilhos e subir serras \u00e0 procura do lobo-ib\u00e9rico, com muito material nas [&hellip;]<\/p>\n","protected":false},"author":2,"featured_media":0,"parent":0,"menu_order":0,"comment_status":"closed","ping_status":"closed","template":"","meta":{"_et_pb_use_builder":"on","_et_pb_old_content":"<!-- wp:divi\/placeholder \/-->","_et_gb_content_width":"","footnotes":""},"class_list":["post-723","page","type-page","status-publish","hentry"],"_links":{"self":[{"href":"https:\/\/loboiberico.org\/en\/wp-json\/wp\/v2\/pages\/723","targetHints":{"allow":["GET"]}}],"collection":[{"href":"https:\/\/loboiberico.org\/en\/wp-json\/wp\/v2\/pages"}],"about":[{"href":"https:\/\/loboiberico.org\/en\/wp-json\/wp\/v2\/types\/page"}],"author":[{"embeddable":true,"href":"https:\/\/loboiberico.org\/en\/wp-json\/wp\/v2\/users\/2"}],"replies":[{"embeddable":true,"href":"https:\/\/loboiberico.org\/en\/wp-json\/wp\/v2\/comments?post=723"}],"version-history":[{"count":13,"href":"https:\/\/loboiberico.org\/en\/wp-json\/wp\/v2\/pages\/723\/revisions"}],"predecessor-version":[{"id":912,"href":"https:\/\/loboiberico.org\/en\/wp-json\/wp\/v2\/pages\/723\/revisions\/912"}],"wp:attachment":[{"href":"https:\/\/loboiberico.org\/en\/wp-json\/wp\/v2\/media?parent=723"}],"curies":[{"name":"wp","href":"https:\/\/api.w.org\/{rel}","templated":true}]}}