{"id":787,"date":"2025-11-24T09:50:15","date_gmt":"2025-11-24T09:50:15","guid":{"rendered":"https:\/\/loboiberico.org\/?page_id=787"},"modified":"2025-12-03T10:02:06","modified_gmt":"2025-12-03T10:02:06","slug":"mitigacao-de-colisoes-com-veiculos","status":"publish","type":"page","link":"https:\/\/loboiberico.org\/en\/mitigacao-de-colisoes-com-veiculos\/","title":{"rendered":"Mitigating Wildlife-vehicle collisions"},"content":{"rendered":"<p>[et_pb_section fb_built=&#8221;1&#8243; admin_label=&#8221;Header&#8221; _builder_version=&#8221;4.27.4&#8243; _module_preset=&#8221;default&#8221; background_color=&#8221;gcid-a93f2103-1d8b-43bb-b21d-81d84bba8b15&#8243; collapsed=&#8221;on&#8221; global_colors_info=&#8221;{%22gcid-a93f2103-1d8b-43bb-b21d-81d84bba8b15%22:%91%22background_color%22%93}&#8221;][et_pb_row _builder_version=&#8221;4.24.0&#8243; _module_preset=&#8221;default&#8221; max_width=&#8221;1800px&#8221; global_colors_info=&#8221;{}&#8221;][et_pb_column type=&#8221;4_4&#8243; _builder_version=&#8221;4.22.0&#8243; _module_preset=&#8221;default&#8221; global_colors_info=&#8221;{}&#8221;][et_pb_text _builder_version=&#8221;4.27.4&#8243; _module_preset=&#8221;c0287eff-381c-41be-b554-1f9624624dc4&#8243; text_font=&#8221;Montserrat|700|||||||&#8221; text_font_size=&#8221;2rem&#8221; text_orientation=&#8221;center&#8221; global_colors_info=&#8221;{}&#8221;]<\/p>\n<p><span>Mitiga\u00e7\u00e3o de Colis\u00f5es com Ve\u00edculos<\/span><\/p>\n<p>[\/et_pb_text][\/et_pb_column][\/et_pb_row][et_pb_row column_structure=&#8221;1_2,1_2&#8243; _builder_version=&#8221;4.22.0&#8243; _module_preset=&#8221;default&#8221; max_width=&#8221;1800px&#8221; global_colors_info=&#8221;{}&#8221;][et_pb_column type=&#8221;1_2&#8243; _builder_version=&#8221;4.22.0&#8243; _module_preset=&#8221;default&#8221; global_colors_info=&#8221;{}&#8221;][et_pb_image src=&#8221;https:\/\/loboiberico.org\/wp-content\/uploads\/2025\/12\/colisoes_img_3447-scaled.jpg&#8221; _builder_version=&#8221;4.27.4&#8243; _module_preset=&#8221;default&#8221; border_radii=&#8221;on|30px|30px|30px|30px&#8221; hover_enabled=&#8221;0&#8243; sticky_enabled=&#8221;0&#8243;][\/et_pb_image][\/et_pb_column][et_pb_column type=&#8221;1_2&#8243; _builder_version=&#8221;4.22.0&#8243; _module_preset=&#8221;default&#8221; global_colors_info=&#8221;{}&#8221;][et_pb_text _builder_version=&#8221;4.27.4&#8243; _module_preset=&#8221;9b6ffe67-db1e-45cf-9a2b-eb7c666a40d6&#8243; text_orientation=&#8221;justified&#8221; global_colors_info=&#8221;{}&#8221;]<\/p>\n<p><span>Ap\u00f3s a dete\u00e7\u00e3o de alguns eventos de mortalidade de animais, incluindo lobo, por atropelamento na estrada EN329, colocamos sinal\u00e9tica vertical a avisar da presen\u00e7a de animais selvagens e a aconselhar a redu\u00e7\u00e3o de velocidade, com vista a minimiza\u00e7\u00e3o desses eventos.<\/span><\/p>\n<p>[\/et_pb_text][\/et_pb_column][\/et_pb_row][\/et_pb_section][et_pb_section fb_built=&#8221;1&#8243; theme_builder_area=&#8221;post_content&#8221; _builder_version=&#8221;4.27.4&#8243; _module_preset=&#8221;default&#8221;][et_pb_row _builder_version=&#8221;4.27.4&#8243; _module_preset=&#8221;default&#8221; theme_builder_area=&#8221;post_content&#8221;][et_pb_column _builder_version=&#8221;4.27.4&#8243; _module_preset=&#8221;default&#8221; type=&#8221;4_4&#8243; theme_builder_area=&#8221;post_content&#8221;][ds_hover_box content_title=&#8221;Mitiga\u00e7\u00e3o das colis\u00f5es de ve\u00edculos com animais na estrada EN329&#8243; use_content_icon=&#8221;on&#8221; content_icon=&#8221;&#x2e;||divi||400&#8243; content_icon_color=&#8221;gcid-primary-color&#8221; content_icon_size=&#8221;3rem&#8221; content_hover_title=&#8221;Mitiga\u00e7\u00e3o das colis\u00f5es de ve\u00edculos com animais na estrada EN329&#8243; content_hover_content=&#8221;<\/p>\n<p><span>In\u00edcio: 2022<\/span><\/p>\n<p><span>\u00c1rea: Estrada EN329 no concelho de Vila Nova de Paiva<\/span><\/p>\n<p><span>Parceiros: Munic\u00edpio de Vila Nova de Paiva e Associa\u00e7\u00e3o Biopolis<\/span><\/p>\n<p>&#8221; hover_type=&#8221;zoom&#8221; content_hover_bg_color=&#8221;#339499&#8243; _builder_version=&#8221;4.27.4&#8243; _module_preset=&#8221;default&#8221; header_font_size=&#8221;2em&#8221; content_title_text_color=&#8221;#FFFFFF&#8221; content_title_font_size=&#8221;1.3em&#8221; content_hover_title_text_color=&#8221;#FFFFFF&#8221; content_hover_desc_text_color=&#8221;#FFFFFF&#8221; background_color=&#8221;rgba(0,0,0,0.4)&#8221; background_image=&#8221;https:\/\/loboiberico.org\/wp-content\/uploads\/2025\/09\/6_Estrada_20221104_133145-scaled-e1758798586115.jpg&#8221; background_blend=&#8221;overlay&#8221; border_radii=&#8221;on|20px|20px|20px|20px&#8221; border_color_all_content_hover_image=&#8221;#FFFFFF&#8221; global_colors_info=&#8221;{%22gcid-primary-color%22:%91%22content_icon_color%22%93}&#8221; theme_builder_area=&#8221;post_content&#8221;][\/ds_hover_box][\/et_pb_column][\/et_pb_row][\/et_pb_section]<\/p>\n","protected":false},"excerpt":{"rendered":"<p>Mitiga\u00e7\u00e3o de Colis\u00f5es com Ve\u00edculosAp\u00f3s a dete\u00e7\u00e3o de alguns eventos de mortalidade de animais, incluindo lobo, por atropelamento na estrada EN329, colocamos sinal\u00e9tica vertical a avisar da presen\u00e7a de animais selvagens e a aconselhar a redu\u00e7\u00e3o de velocidade, com vista a minimiza\u00e7\u00e3o desses eventos.<div class=\"et_pb_module ds_hover_box ds_hover_box_0\">\n\t\t\t\t\n\t\t\t\t\n\t\t\t\t\n\t\t\t\t\n\t\t\t\t\n\t\t\t\t\n\t\t\t\t<div class=\"et_pb_module_inner\">\n\t\t\t\t\t<div class=\"ds-hover-box-container ds-hover-box-slide-top hover_box_align_front_center hover_box_align_back_center\" data-force_square=\"off\">\n                <div class=\"ds-hover-box-inner-wrapper\">\n                    <div class=\"ds-hover-box-content\">\n              \n              <div class=\"ds-hover-box-content-innner\">\n                    \n                    <div class=\"ds-text\">\n                        <h2 class=\"ds-hover-box-heading\">\n                    &#8221;Mitiga\u00e7\u00e3o\n                <\/h2>\n                        <div class=\"ds-desc\"><\/div>\n                    <\/div>\n              <\/div>\n            <\/div>\n            \n                    <div class=\"ds-hover-box-hover\">\n                \n                <div class=\"ds-hover-box-hover-innner\">\n                    \n                    <div class=\"ds-text\">\n                        \n                        <div class=\"ds-desc\">\n                    \n                <\/div>\n                    <\/div>\n                    \n                <\/div>\n            <\/div>\n                <\/div>\n            <\/div>\n\t\t\t\t<\/div>\n\t\t\t<\/div><\/p>","protected":false},"author":2,"featured_media":0,"parent":0,"menu_order":0,"comment_status":"closed","ping_status":"closed","template":"","meta":{"_et_pb_use_builder":"on","_et_pb_old_content":"","_et_gb_content_width":"","footnotes":""},"class_list":["post-787","page","type-page","status-publish","hentry"],"_links":{"self":[{"href":"https:\/\/loboiberico.org\/en\/wp-json\/wp\/v2\/pages\/787","targetHints":{"allow":["GET"]}}],"collection":[{"href":"https:\/\/loboiberico.org\/en\/wp-json\/wp\/v2\/pages"}],"about":[{"href":"https:\/\/loboiberico.org\/en\/wp-json\/wp\/v2\/types\/page"}],"author":[{"embeddable":true,"href":"https:\/\/loboiberico.org\/en\/wp-json\/wp\/v2\/users\/2"}],"replies":[{"embeddable":true,"href":"https:\/\/loboiberico.org\/en\/wp-json\/wp\/v2\/comments?post=787"}],"version-history":[{"count":5,"href":"https:\/\/loboiberico.org\/en\/wp-json\/wp\/v2\/pages\/787\/revisions"}],"predecessor-version":[{"id":886,"href":"https:\/\/loboiberico.org\/en\/wp-json\/wp\/v2\/pages\/787\/revisions\/886"}],"wp:attachment":[{"href":"https:\/\/loboiberico.org\/en\/wp-json\/wp\/v2\/media?parent=787"}],"curies":[{"name":"wp","href":"https:\/\/api.w.org\/{rel}","templated":true}]}}