{"id":96,"date":"2025-01-23T17:16:59","date_gmt":"2025-01-23T17:16:59","guid":{"rendered":"https:\/\/loboiberico.org\/?page_id=96"},"modified":"2025-12-16T16:50:07","modified_gmt":"2025-12-16T16:50:07","slug":"inicio","status":"publish","type":"page","link":"https:\/\/loboiberico.org\/en\/","title":{"rendered":"Home"},"content":{"rendered":"<p>[et_pb_section fb_built=&#8221;1&#8243; admin_label=&#8221;Header&#8221; module_class=&#8221;video-overlay&#8221; _builder_version=&#8221;4.27.4&#8243; _module_preset=&#8221;default&#8221; use_background_color_gradient=&#8221;on&#8221; background_color_gradient_stops=&#8221;#f2f0eb 0%|rgba(242,240,235,0) 100%&#8221; background_color_gradient_overlays_image=&#8221;on&#8221; background_enable_image=&#8221;off&#8221; parallax=&#8221;on&#8221; background_video_mp4=&#8221;https:\/\/loboiberico.org\/wp-content\/uploads\/2025\/11\/lobo.mp4&#8243; custom_padding=&#8221;8vw||20vw||false|false&#8221; custom_css_free_form=&#8221;.video-overlay {||  position: relative;||}||||.video-overlay::before {||  content: %22%22;||  position: absolute;||  top: 0;||  left: 0;||  width: 100%;||  height: 100%;||  background: linear-gradient(to bottom, rgba(255, 255, 255, 1), rgba(255, 255, 255, 0));||  z-index: 1;||  pointer-events: none; \/* Permite interagir com o v\u00eddeo abaixo *\/||}||&#8221; border_radii=&#8221;off|||3vw|3vw&#8221; locked=&#8221;off&#8221; collapsed=&#8221;on&#8221; global_colors_info=&#8221;{}&#8221;][et_pb_row _builder_version=&#8221;4.27.4&#8243; _module_preset=&#8221;default&#8221; max_width=&#8221;1800px&#8221; global_colors_info=&#8221;{}&#8221;][et_pb_column type=&#8221;4_4&#8243; _builder_version=&#8221;4.22.0&#8243; _module_preset=&#8221;default&#8221; global_colors_info=&#8221;{}&#8221;][et_pb_text _builder_version=&#8221;4.27.4&#8243; _module_preset=&#8221;c4bc249c-5af6-498a-a1b7-5b47f7d59670&#8243; header_font=&#8221;&#8211;et_global_heading_font|800|||||||&#8221; header_text_color=&#8221;#FFFFFF&#8221; text_orientation=&#8221;center&#8221; custom_margin=&#8221;||||false|false&#8221; global_colors_info=&#8221;{}&#8221;]<\/p>\n<h1>ACHLI<\/h1>\n<p>[\/et_pb_text][et_pb_text _builder_version=&#8221;4.27.5&#8243; _module_preset=&#8221;0506d2f6-0a19-4a37-9b71-0143397e721b&#8221; text_font=&#8221;&#8211;et_global_body_font||||||||&#8221; text_text_color=&#8221;#FFFFFF&#8221; text_font_size=&#8221;1.2rem&#8221; header_text_color=&#8221;#FFFFFF&#8221; header_font_size=&#8221;2rem&#8221; text_orientation=&#8221;center&#8221; global_colors_info=&#8221;{}&#8221;]<\/p>\n<p>Associa\u00e7\u00e3o de Conserva\u00e7\u00e3o do Habitat do Lobo Ib\u00e9rico<\/p>\n<p>[\/et_pb_text][et_pb_button button_url=&#8221;@ET-DC@eyJkeW5hbWljIjp0cnVlLCJjb250ZW50IjoicG9zdF9saW5rX3VybF9wYWdlIiwic2V0dGluZ3MiOnsicG9zdF9pZCI6IjQ4MiJ9fQ==@&#8221; button_text=&#8221;Saber mais&#8221; button_alignment=&#8221;center&#8221; _builder_version=&#8221;4.27.5&#8243; _dynamic_attributes=&#8221;button_url&#8221; _module_preset=&#8221;b790ac7d-8019-4d1d-aa7c-0cc2a73ec44d&#8221; custom_padding=&#8221;16px|32px|16px|32px|false|false&#8221; global_colors_info=&#8221;{%22gcid-07a028f4-a2d4-4ee3-91d1-c05113363b6b%22:%91%22button_bg_color%22%93}&#8221;][\/et_pb_button][\/et_pb_column][\/et_pb_row][\/et_pb_section][et_pb_section fb_built=&#8221;1&#8243; admin_label=&#8221;Services&#8221; _builder_version=&#8221;4.27.4&#8243; _module_preset=&#8221;default&#8221; bottom_divider_style=&#8221;mountains2&#8243; bottom_divider_color=&#8221;#339499&#8243; locked=&#8221;off&#8221; collapsed=&#8221;on&#8221; global_colors_info=&#8221;{}&#8221;][et_pb_row column_structure=&#8221;1_3,1_3,1_3&#8243; _builder_version=&#8221;4.27.4&#8243; _module_preset=&#8221;default&#8221; max_width=&#8221;1800px&#8221; custom_padding=&#8221;||12vh||false|false&#8221; global_colors_info=&#8221;{}&#8221;][et_pb_column type=&#8221;1_3&#8243; _builder_version=&#8221;4.22.0&#8243; _module_preset=&#8221;default&#8221; global_colors_info=&#8221;{}&#8221;][et_pb_text _builder_version=&#8221;4.27.5&#8243; _module_preset=&#8221;84cde10d-6e8b-44f1-8df1-783feb61292e&#8221; header_2_font=&#8221;&#8211;et_global_heading_font|800|||||||&#8221; header_2_font_size=&#8221;3em&#8221; text_orientation=&#8221;center&#8221; custom_margin=&#8221;||10px||false|false&#8221; text_font_size_tablet=&#8221;&#8221; text_font_size_phone=&#8221;&#8221; text_font_size_last_edited=&#8221;on|tablet&#8221; global_colors_info=&#8221;{}&#8221;]<\/p>\n<h2><span>Associa\u00e7\u00e3o de Conserva\u00e7\u00e3o do Habitat do Lobo Ib\u00e9rico<\/span><\/h2>\n<p>[\/et_pb_text][\/et_pb_column][et_pb_column type=&#8221;1_3&#8243; _builder_version=&#8221;4.22.0&#8243; _module_preset=&#8221;default&#8221; global_colors_info=&#8221;{}&#8221;][et_pb_text _builder_version=&#8221;4.27.4&#8243; _module_preset=&#8221;0d5dc726-b077-4c5c-964b-2a1c9a9b94b1&#8243; text_orientation=&#8221;justified&#8221; custom_padding=&#8221;4vh||||false|false&#8221; global_colors_info=&#8221;{}&#8221;]<\/p>\n<p><span>A ACHLI \u2013 Associa\u00e7\u00e3o de Conserva\u00e7\u00e3o do Habitat do Lobo Ib\u00e9rico \u00e9 uma associa\u00e7\u00e3o sem fins lucrativos, criada em 2006, que tem como miss\u00e3o a preserva\u00e7\u00e3o da paisagem natural e cultural de \u00e1reas sens\u00edveis e, em especial, a conserva\u00e7\u00e3o do habitat do Lobo Ib\u00e9rico.<\/span><\/p>\n<p>[\/et_pb_text][et_pb_button button_url=&#8221;@ET-DC@eyJkeW5hbWljIjp0cnVlLCJjb250ZW50IjoicG9zdF9saW5rX3VybF9wYWdlIiwic2V0dGluZ3MiOnsicG9zdF9pZCI6IjQ4MiJ9fQ==@&#8221; button_text=&#8221;Saiba mais&#8221; _builder_version=&#8221;4.27.4&#8243; _dynamic_attributes=&#8221;button_url&#8221; _module_preset=&#8221;d0f5e2a2-326f-425d-a9dd-c39ee579499e&#8221; button_text_color=&#8221;gcid-07a028f4-a2d4-4ee3-91d1-c05113363b6b&#8221; locked=&#8221;off&#8221; global_colors_info=&#8221;{%22gcid-07a028f4-a2d4-4ee3-91d1-c05113363b6b%22:%91%22button_text_color%22%93}&#8221;][\/et_pb_button][\/et_pb_column][et_pb_column type=&#8221;1_3&#8243; _builder_version=&#8221;4.22.0&#8243; _module_preset=&#8221;default&#8221; global_colors_info=&#8221;{}&#8221;][et_pb_image src=&#8221;https:\/\/loboiberico.org\/wp-content\/uploads\/2025\/01\/ACHLI0004.jpg&#8221; _builder_version=&#8221;4.27.4&#8243; _module_preset=&#8221;default&#8221; border_radii=&#8221;on|30px|30px|30px|30px&#8221; global_colors_info=&#8221;{}&#8221;][\/et_pb_image][\/et_pb_column][\/et_pb_row][\/et_pb_section][et_pb_section fb_built=&#8221;1&#8243; admin_label=&#8221;Services&#8221; _builder_version=&#8221;4.27.4&#8243; _module_preset=&#8221;default&#8221; top_divider_style=&#8221;mountains2&#8243; top_divider_color=&#8221;gcid-86531217-7e75-44be-8919-c7e102e76eb7&#8243; top_divider_height=&#8221;220px&#8221; locked=&#8221;off&#8221; collapsed=&#8221;on&#8221; global_colors_info=&#8221;{%22gcid-86531217-7e75-44be-8919-c7e102e76eb7%22:%91%22top_divider_color%22%93}&#8221;][et_pb_row column_structure=&#8221;1_3,1_3,1_3&#8243; _builder_version=&#8221;4.27.4&#8243; _module_preset=&#8221;default&#8221; max_width=&#8221;1800px&#8221; custom_padding=&#8221;24vh||||false|false&#8221; global_colors_info=&#8221;{}&#8221;][et_pb_column type=&#8221;1_3&#8243; _builder_version=&#8221;4.22.0&#8243; _module_preset=&#8221;default&#8221; global_colors_info=&#8221;{}&#8221;][et_pb_image src=&#8221;https:\/\/loboiberico.org\/wp-content\/uploads\/2025\/12\/menuinicio_achli.jpg&#8221; url=&#8221;https:\/\/loboiberico.org\/sobre\/&#8221; _builder_version=&#8221;4.27.4&#8243; _module_preset=&#8221;default&#8221; animation_style=&#8221;fold&#8221; border_radii=&#8221;on|30px|30px|30px|30px&#8221; box_shadow_style=&#8221;preset1&#8243; box_shadow_vertical=&#8221;0px&#8221; box_shadow_blur=&#8221;0px&#8221; global_colors_info=&#8221;{}&#8221; box_shadow_vertical__hover_enabled=&#8221;on|hover&#8221; box_shadow_vertical__hover=&#8221;2px&#8221; box_shadow_blur__hover_enabled=&#8221;on|hover&#8221; box_shadow_blur__hover=&#8221;18px&#8221;][\/et_pb_image][et_pb_text _builder_version=&#8221;4.27.4&#8243; _module_preset=&#8221;default&#8221; text_font=&#8221;|600|||||||&#8221; text_text_color=&#8221;#339499&#8243; text_font_size=&#8221;2rem&#8221; text_orientation=&#8221;center&#8221; global_colors_info=&#8221;{}&#8221;]<\/p>\n<p><a href=\"https:\/\/loboiberico.org\/sobre\/\">ACHLI<\/a><\/p>\n<p>[\/et_pb_text][\/et_pb_column][et_pb_column type=&#8221;1_3&#8243; _builder_version=&#8221;4.22.0&#8243; _module_preset=&#8221;default&#8221; global_colors_info=&#8221;{}&#8221;][et_pb_image src=&#8221;https:\/\/loboiberico.org\/wp-content\/uploads\/2025\/12\/menuinicio_fundolobo.jpg&#8221; url=&#8221;https:\/\/loboiberico.org\/fundo-do-lobo\/&#8221; _builder_version=&#8221;4.27.4&#8243; _module_preset=&#8221;default&#8221; animation_style=&#8221;fold&#8221; border_radii=&#8221;on|30px|30px|30px|30px&#8221; box_shadow_style=&#8221;preset1&#8243; box_shadow_vertical=&#8221;0px&#8221; box_shadow_blur=&#8221;0px&#8221; global_colors_info=&#8221;{}&#8221; box_shadow_vertical__hover=&#8221;2px&#8221; box_shadow_vertical__hover_enabled=&#8221;on|hover&#8221; box_shadow_blur__hover=&#8221;18px&#8221; box_shadow_blur__hover_enabled=&#8221;on|hover&#8221;][\/et_pb_image][et_pb_text _builder_version=&#8221;4.27.4&#8243; _module_preset=&#8221;default&#8221; text_font=&#8221;|600|||||||&#8221; text_text_color=&#8221;#339499&#8243; text_font_size=&#8221;2rem&#8221; text_orientation=&#8221;center&#8221; global_colors_info=&#8221;{}&#8221;]<\/p>\n<p><a href=\"https:\/\/loboiberico.org\/fundo-do-lobo\/\">Fundo do Lobo<\/a><\/p>\n<p>[\/et_pb_text][\/et_pb_column][et_pb_column type=&#8221;1_3&#8243; _builder_version=&#8221;4.22.0&#8243; _module_preset=&#8221;default&#8221; global_colors_info=&#8221;{}&#8221;][et_pb_image src=&#8221;https:\/\/loboiberico.org\/wp-content\/uploads\/2025\/12\/menuinicio_outros_projetos.jpg&#8221; url=&#8221;https:\/\/loboiberico.org\/projetos\/&#8221; _builder_version=&#8221;4.27.4&#8243; _module_preset=&#8221;default&#8221; animation_style=&#8221;fold&#8221; border_radii=&#8221;on|30px|30px|30px|30px&#8221; box_shadow_style=&#8221;preset1&#8243; box_shadow_vertical=&#8221;0px&#8221; box_shadow_blur=&#8221;0px&#8221; global_colors_info=&#8221;{}&#8221; box_shadow_vertical__hover=&#8221;2px&#8221; box_shadow_vertical__hover_enabled=&#8221;on|hover&#8221; box_shadow_blur__hover=&#8221;18px&#8221; box_shadow_blur__hover_enabled=&#8221;on|hover&#8221;][\/et_pb_image][et_pb_text _builder_version=&#8221;4.27.4&#8243; _module_preset=&#8221;default&#8221; text_font=&#8221;|600|||||||&#8221; text_text_color=&#8221;#339499&#8243; text_font_size=&#8221;2rem&#8221; text_orientation=&#8221;center&#8221; global_colors_info=&#8221;{}&#8221;]<\/p>\n<p><a href=\"https:\/\/loboiberico.org\/projetos\/\">Outros Projetos<\/a><\/p>\n<p>[\/et_pb_text][\/et_pb_column][\/et_pb_row][\/et_pb_section][et_pb_section fb_built=&#8221;1&#8243; _builder_version=&#8221;4.27.4&#8243; _module_preset=&#8221;default&#8221; background_color=&#8221;gcid-a93f2103-1d8b-43bb-b21d-81d84bba8b15&#8243; global_colors_info=&#8221;{%22gcid-a93f2103-1d8b-43bb-b21d-81d84bba8b15%22:%91%22background_color%22%93}&#8221;][et_pb_row column_structure=&#8221;1_6,1_6,1_6,1_6,1_6,1_6&#8243; _builder_version=&#8221;4.27.4&#8243; _module_preset=&#8221;default&#8221; max_width=&#8221;100%&#8221; global_colors_info=&#8221;{}&#8221;][et_pb_column type=&#8221;1_6&#8243; _builder_version=&#8221;4.27.4&#8243; _module_preset=&#8221;default&#8221; global_colors_info=&#8221;{}&#8221;][et_pb_number_counter number=&#8221;711&#8243; percent_sign=&#8221;off&#8221; _builder_version=&#8221;4.27.4&#8243; _module_preset=&#8221;default&#8221; number_font=&#8221;Roboto Condensed||||||||&#8221; number_text_color=&#8221;gcid-07a028f4-a2d4-4ee3-91d1-c05113363b6b&#8221; number_font_size=&#8221;3rem&#8221; custom_margin=&#8221;0px||0px||true|false&#8221; global_colors_info=&#8221;{%22gcid-07a028f4-a2d4-4ee3-91d1-c05113363b6b%22:%91%22number_text_color%22,%22number_text_color%22,%22number_text_color%22%93}&#8221;][\/et_pb_number_counter][et_pb_text _builder_version=&#8221;4.27.4&#8243; _module_preset=&#8221;default&#8221; text_font=&#8221;&#8211;et_global_heading_font||||||||&#8221; text_text_color=&#8221;#000000&#8243; text_font_size=&#8221;1rem&#8221; text_orientation=&#8221;center&#8221; global_colors_info=&#8221;{}&#8221;]<\/p>\n<p>hectares<br \/>Gest\u00e3o florestal<\/p>\n<p>[\/et_pb_text][\/et_pb_column][et_pb_column type=&#8221;1_6&#8243; _builder_version=&#8221;4.27.4&#8243; _module_preset=&#8221;default&#8221; global_colors_info=&#8221;{}&#8221;][et_pb_number_counter number=&#8221;3013&#8243; percent_sign=&#8221;off&#8221; _builder_version=&#8221;4.27.4&#8243; _module_preset=&#8221;default&#8221; number_font=&#8221;Roboto Condensed||||||||&#8221; number_text_color=&#8221;gcid-07a028f4-a2d4-4ee3-91d1-c05113363b6b&#8221; number_font_size=&#8221;3rem&#8221; custom_margin=&#8221;0px||0px||true|false&#8221; global_colors_info=&#8221;{%22gcid-07a028f4-a2d4-4ee3-91d1-c05113363b6b%22:%91%22number_text_color%22%93}&#8221;][\/et_pb_number_counter][et_pb_text _builder_version=&#8221;4.27.4&#8243; _module_preset=&#8221;default&#8221; text_font=&#8221;&#8211;et_global_heading_font||||||||&#8221; text_text_color=&#8221;#000000&#8243; text_font_size=&#8221;1rem&#8221; text_orientation=&#8221;center&#8221; global_colors_info=&#8221;{}&#8221;]hectares<br \/>\n\u00c1reas sem ca\u00e7a[\/et_pb_text][\/et_pb_column][et_pb_column type=&#8221;1_6&#8243; _builder_version=&#8221;4.27.4&#8243; _module_preset=&#8221;default&#8221; global_colors_info=&#8221;{}&#8221;][et_pb_number_counter number=&#8221;130&#8243; percent_sign=&#8221;off&#8221; _builder_version=&#8221;4.27.4&#8243; _module_preset=&#8221;default&#8221; number_font=&#8221;Roboto Condensed||||||||&#8221; number_text_color=&#8221;gcid-07a028f4-a2d4-4ee3-91d1-c05113363b6b&#8221; number_font_size=&#8221;3rem&#8221; custom_margin=&#8221;0px||0px||true|false&#8221; global_colors_info=&#8221;{%22gcid-07a028f4-a2d4-4ee3-91d1-c05113363b6b%22:%91%22number_text_color%22,%22number_text_color%22,%22number_text_color%22,%22number_text_color%22%93}&#8221;][\/et_pb_number_counter][et_pb_text _builder_version=&#8221;4.27.4&#8243; _module_preset=&#8221;default&#8221; text_font=&#8221;&#8211;et_global_heading_font||||||||&#8221; text_text_color=&#8221;#000000&#8243; text_font_size=&#8221;1rem&#8221; text_orientation=&#8221;center&#8221; global_colors_info=&#8221;{}&#8221;]<\/p>\n<p>c\u00e3es de gado<br \/>integrados<\/p>\n<p>[\/et_pb_text][\/et_pb_column][et_pb_column type=&#8221;1_6&#8243; _builder_version=&#8221;4.27.4&#8243; _module_preset=&#8221;default&#8221; global_colors_info=&#8221;{}&#8221;][et_pb_number_counter number=&#8221;129&#8243; percent_sign=&#8221;off&#8221; _builder_version=&#8221;4.27.4&#8243; _module_preset=&#8221;default&#8221; number_font=&#8221;Roboto Condensed||||||||&#8221; number_text_color=&#8221;gcid-07a028f4-a2d4-4ee3-91d1-c05113363b6b&#8221; number_font_size=&#8221;3rem&#8221; custom_margin=&#8221;0px||0px||true|false&#8221; global_colors_info=&#8221;{%22gcid-07a028f4-a2d4-4ee3-91d1-c05113363b6b%22:%91%22number_text_color%22,%22number_text_color%22,%22number_text_color%22,%22number_text_color%22%93}&#8221;][\/et_pb_number_counter][et_pb_text _builder_version=&#8221;4.27.4&#8243; _module_preset=&#8221;default&#8221; text_font=&#8221;&#8211;et_global_heading_font||||||||&#8221; text_text_color=&#8221;#000000&#8243; text_font_size=&#8221;1rem&#8221; text_orientation=&#8221;center&#8221; global_colors_info=&#8221;{}&#8221;]cor\u00e7os<br \/>\nreintroduzidos[\/et_pb_text][\/et_pb_column][et_pb_column type=&#8221;1_6&#8243; _builder_version=&#8221;4.27.4&#8243; _module_preset=&#8221;default&#8221; global_colors_info=&#8221;{}&#8221;][et_pb_number_counter number=&#8221;51&#8243; percent_sign=&#8221;off&#8221; _builder_version=&#8221;4.27.4&#8243; _module_preset=&#8221;default&#8221; number_font=&#8221;Roboto Condensed||||||||&#8221; number_text_color=&#8221;gcid-07a028f4-a2d4-4ee3-91d1-c05113363b6b&#8221; number_font_size=&#8221;3rem&#8221; custom_margin=&#8221;0px||0px||true|false&#8221; global_colors_info=&#8221;{%22gcid-07a028f4-a2d4-4ee3-91d1-c05113363b6b%22:%91%22number_text_color%22,%22number_text_color%22,%22number_text_color%22,%22number_text_color%22%93}&#8221;][\/et_pb_number_counter][et_pb_text _builder_version=&#8221;4.27.4&#8243; _module_preset=&#8221;default&#8221; text_font=&#8221;&#8211;et_global_heading_font||||||||&#8221; text_text_color=&#8221;#000000&#8243; text_font_size=&#8221;1rem&#8221; text_orientation=&#8221;center&#8221; global_colors_info=&#8221;{}&#8221;]<\/p>\n<p>a\u00e7\u00f5es de<br \/>sensibiliza\u00e7\u00e3o<\/p>\n<p>[\/et_pb_text][\/et_pb_column][et_pb_column type=&#8221;1_6&#8243; _builder_version=&#8221;4.27.4&#8243; _module_preset=&#8221;default&#8221; global_colors_info=&#8221;{}&#8221;][et_pb_number_counter number=&#8221;12&#8243; percent_sign=&#8221;off&#8221; _builder_version=&#8221;4.27.4&#8243; _module_preset=&#8221;default&#8221; number_font=&#8221;Roboto Condensed||||||||&#8221; number_text_color=&#8221;gcid-07a028f4-a2d4-4ee3-91d1-c05113363b6b&#8221; number_font_size=&#8221;3rem&#8221; custom_margin=&#8221;0px||0px||true|false&#8221; global_colors_info=&#8221;{%22gcid-07a028f4-a2d4-4ee3-91d1-c05113363b6b%22:%91%22number_text_color%22,%22number_text_color%22,%22number_text_color%22,%22number_text_color%22%93}&#8221;][\/et_pb_number_counter][et_pb_text _builder_version=&#8221;4.27.4&#8243; _module_preset=&#8221;default&#8221; text_font=&#8221;&#8211;et_global_heading_font||||||||&#8221; text_text_color=&#8221;#000000&#8243; text_font_size=&#8221;1rem&#8221; text_orientation=&#8221;center&#8221; global_colors_info=&#8221;{}&#8221;]<\/p>\n<p>alcateias<br \/>monitorizadas<\/p>\n<p>[\/et_pb_text][\/et_pb_column][\/et_pb_row][\/et_pb_section][et_pb_section fb_built=&#8221;1&#8243; admin_label=&#8221;Feature&#8221; _builder_version=&#8221;4.22.0&#8243; _module_preset=&#8221;default&#8221; collapsed=&#8221;on&#8221; global_colors_info=&#8221;{}&#8221;][et_pb_row column_structure=&#8221;1_2,1_2&#8243; make_equal=&#8221;on&#8221; _builder_version=&#8221;4.27.4&#8243; _module_preset=&#8221;default&#8221; max_width=&#8221;100%&#8221; global_colors_info=&#8221;{}&#8221;][et_pb_column type=&#8221;1_2&#8243; _builder_version=&#8221;4.22.0&#8243; _module_preset=&#8221;default&#8221; global_colors_info=&#8221;{}&#8221;][et_pb_image src=&#8221;https:\/\/loboiberico.org\/wp-content\/uploads\/2025\/09\/JCO6631-scaled.jpg&#8221; url=&#8221;https:\/\/loboiberico.org\/fundo-do-lobo\/&#8221; align=&#8221;center&#8221; force_fullwidth=&#8221;on&#8221; _builder_version=&#8221;4.27.4&#8243; _module_preset=&#8221;default&#8221; scroll_horizontal_motion_enable=&#8221;on&#8221; scroll_horizontal_motion=&#8221;0|70|70|100|0.3|0|0&#8243; motion_trigger_start=&#8221;top&#8221; border_radii=&#8221;on|30px|30px|30px|30px&#8221; locked=&#8221;off&#8221; global_colors_info=&#8221;{}&#8221;][\/et_pb_image][\/et_pb_column][et_pb_column type=&#8221;1_2&#8243; _builder_version=&#8221;4.24.0&#8243; _module_preset=&#8221;default&#8221; background_color=&#8221;gcid-a93f2103-1d8b-43bb-b21d-81d84bba8b15&#8243; custom_padding=&#8221;60px|60px|60px|60px|true|true&#8221; custom_padding_tablet=&#8221;30px|30px|30px|30px|true|true&#8221; custom_padding_phone=&#8221;20px|20px|20px|20px|true|true&#8221; custom_padding_last_edited=&#8221;on|tablet&#8221; border_radii=&#8221;on|3vw|3vw|3vw|3vw&#8221; global_colors_info=&#8221;{%22gcid-a93f2103-1d8b-43bb-b21d-81d84bba8b15%22:%91%22background_color%22%93}&#8221;][et_pb_text _builder_version=&#8221;4.27.5&#8243; _module_preset=&#8221;84cde10d-6e8b-44f1-8df1-783feb61292e&#8221; header_2_font=&#8221;&#8211;et_global_heading_font|800|||||||&#8221; header_2_font_size=&#8221;3em&#8221; text_orientation=&#8221;center&#8221; custom_margin=&#8221;||10px||false|false&#8221; locked=&#8221;off&#8221; global_colors_info=&#8221;{}&#8221;]<\/p>\n<div class=\"et_pb_module et_pb_text et_pb_text_0  et_pb_text_align_left et_pb_bg_layout_light\">\n<div class=\"et_pb_text_inner\">\n<p><span>FUNDO DO LOBO<\/span><\/p>\n<\/div>\n<\/div>\n<div class=\"et_pb_module et_pb_text et_pb_text_1  et_pb_text_align_left et_pb_bg_layout_light\">\n<div class=\"et_pb_text_inner\"><\/div>\n<\/div>\n<p>[\/et_pb_text][et_pb_text _builder_version=&#8221;4.27.5&#8243; _module_preset=&#8221;02f9e3a7-87ba-4180-be58-c83f7c0ba0af&#8221; text_orientation=&#8221;justified&#8221; max_width=&#8221;100%&#8221; custom_margin=&#8221;|-33px||||&#8221; locked=&#8221;off&#8221; global_colors_info=&#8221;{}&#8221;]<\/p>\n<p><span>Constitu\u00eddo em simult\u00e2neo com a cria\u00e7\u00e3o da ACHLI, o Fundo de Conserva\u00e7\u00e3o do Habitat do Lobo Ib\u00e9rico, usualmente designado por \u201cFundo do Lobo\u201d, resulta das contribui\u00e7\u00f5es dos associados da ACHLI por for\u00e7a das medidas compensat\u00f3rias preconizadas no \u00e2mbito dos processos de Avalia\u00e7\u00e3o de Impacte Ambiental (AIA) ou de Avalia\u00e7\u00e3o de Incid\u00eancias Ambientais (AIncA) pela instala\u00e7\u00e3o de centros electroprodutores de fontes de energia renov\u00e1veis.<\/span><\/p>\n<p>[\/et_pb_text][et_pb_button button_url=&#8221;https:\/\/loboiberico.org\/fundo-do-lobo\/&#8221; button_text=&#8221;Saber mais&#8221; _builder_version=&#8221;4.27.4&#8243; _module_preset=&#8221;6c064e99-2c24-46aa-91d3-3e6d63a8cbee&#8221; locked=&#8221;off&#8221; global_colors_info=&#8221;{%22gcid-f1e65d51-fa2f-4bf0-b2c1-8eab7001e8fd%22:%91%22button_text_color%22%93,%22gcid-07a028f4-a2d4-4ee3-91d1-c05113363b6b%22:%91%22button_text_color%22%93}&#8221;][\/et_pb_button][\/et_pb_column][\/et_pb_row][\/et_pb_section]<\/p>\n","protected":false},"excerpt":{"rendered":"<p>ACHLIAssocia\u00e7\u00e3o de Conserva\u00e7\u00e3o do Habitat do Lobo Ib\u00e9ricoAssocia\u00e7\u00e3o de Conserva\u00e7\u00e3o do Habitat do Lobo Ib\u00e9ricoA ACHLI \u2013 Associa\u00e7\u00e3o de Conserva\u00e7\u00e3o do Habitat do Lobo Ib\u00e9rico \u00e9 uma associa\u00e7\u00e3o sem fins lucrativos, criada em 2006, que tem como miss\u00e3o a preserva\u00e7\u00e3o da paisagem natural e cultural de \u00e1reas sens\u00edveis e, em especial, a conserva\u00e7\u00e3o do habitat [&hellip;]<\/p>\n","protected":false},"author":1,"featured_media":0,"parent":0,"menu_order":0,"comment_status":"closed","ping_status":"closed","template":"","meta":{"_et_pb_use_builder":"on","_et_pb_old_content":"","_et_gb_content_width":"","footnotes":""},"class_list":["post-96","page","type-page","status-publish","hentry"],"_links":{"self":[{"href":"https:\/\/loboiberico.org\/en\/wp-json\/wp\/v2\/pages\/96","targetHints":{"allow":["GET"]}}],"collection":[{"href":"https:\/\/loboiberico.org\/en\/wp-json\/wp\/v2\/pages"}],"about":[{"href":"https:\/\/loboiberico.org\/en\/wp-json\/wp\/v2\/types\/page"}],"author":[{"embeddable":true,"href":"https:\/\/loboiberico.org\/en\/wp-json\/wp\/v2\/users\/1"}],"replies":[{"embeddable":true,"href":"https:\/\/loboiberico.org\/en\/wp-json\/wp\/v2\/comments?post=96"}],"version-history":[{"count":61,"href":"https:\/\/loboiberico.org\/en\/wp-json\/wp\/v2\/pages\/96\/revisions"}],"predecessor-version":[{"id":941,"href":"https:\/\/loboiberico.org\/en\/wp-json\/wp\/v2\/pages\/96\/revisions\/941"}],"wp:attachment":[{"href":"https:\/\/loboiberico.org\/en\/wp-json\/wp\/v2\/media?parent=96"}],"curies":[{"name":"wp","href":"https:\/\/api.w.org\/{rel}","templated":true}]}}